{"id":989660,"date":"2023-06-08T09:49:08","date_gmt":"2023-06-08T09:49:08","guid":{"rendered":"https:\/\/iaectogo.com\/?page_id=989660"},"modified":"2023-09-25T15:23:30","modified_gmt":"2023-09-25T15:23:30","slug":"soutenance-et-memoire","status":"publish","type":"page","link":"https:\/\/iaectogo.com\/en\/resources-academiques\/soutenance-et-memoire\/","title":{"rendered":"Soutenance et memoire"},"content":{"rendered":"<div data-elementor-type=\"wp-page\" data-elementor-id=\"989660\" class=\"elementor elementor-989660\">\n\t\t\t\t\t\t<section class=\"elementor-section elementor-top-section elementor-element elementor-element-83e51cb elementor-section-boxed elementor-section-height-default elementor-section-height-default\" data-id=\"83e51cb\" data-element_type=\"section\">\n\t\t\t\t\t\t<div class=\"elementor-container elementor-column-gap-default\">\n\t\t\t\t\t<div class=\"elementor-column elementor-col-100 elementor-top-column elementor-element elementor-element-9dfb28e\" data-id=\"9dfb28e\" data-element_type=\"column\" data-settings=\"{&quot;background_background&quot;:&quot;classic&quot;}\">\n\t\t\t<div class=\"elementor-widget-wrap elementor-element-populated\">\n\t\t\t\t\t\t<div class=\"elementor-element elementor-element-23635c2 elementor-widget elementor-widget-heading\" data-id=\"23635c2\" data-element_type=\"widget\" data-widget_type=\"heading.default\">\n\t\t\t\t<div class=\"elementor-widget-container\">\n\t\t\t\t\t<h3 class=\"elementor-heading-title elementor-size-default\">DEPOT DU MEMOIRE DE MASTER<\/h3>\t\t\t\t<\/div>\n\t\t\t\t<\/div>\n\t\t\t\t<div class=\"elementor-element elementor-element-b168322 elementor-widget-divider--view-line elementor-widget elementor-widget-divider\" data-id=\"b168322\" data-element_type=\"widget\" data-widget_type=\"divider.default\">\n\t\t\t\t<div class=\"elementor-widget-container\">\n\t\t\t\t\t\t\t<div class=\"elementor-divider\">\n\t\t\t<span class=\"elementor-divider-separator\">\n\t\t\t\t\t\t<\/span>\n\t\t<\/div>\n\t\t\t\t\t\t<\/div>\n\t\t\t\t<\/div>\n\t\t\t\t\t<\/div>\n\t\t<\/div>\n\t\t\t\t\t<\/div>\n\t\t<\/section>\n\t\t\t\t<section class=\"elementor-section elementor-top-section elementor-element elementor-element-af8f2f2 elementor-section-boxed elementor-section-height-default elementor-section-height-default\" data-id=\"af8f2f2\" data-element_type=\"section\">\n\t\t\t\t\t\t<div class=\"elementor-container elementor-column-gap-default\">\n\t\t\t\t\t<div class=\"elementor-column elementor-col-100 elementor-top-column elementor-element elementor-element-5be7473\" data-id=\"5be7473\" data-element_type=\"column\" data-settings=\"{&quot;background_background&quot;:&quot;classic&quot;}\">\n\t\t\t<div class=\"elementor-widget-wrap elementor-element-populated\">\n\t\t\t\t\t\t<div class=\"elementor-element elementor-element-37bfcfc elementor-widget elementor-widget-heading\" data-id=\"37bfcfc\" data-element_type=\"widget\" data-widget_type=\"heading.default\">\n\t\t\t\t<div class=\"elementor-widget-container\">\n\t\t\t\t\t<h5 class=\"elementor-heading-title elementor-size-default\">Pieces a fournir<\/h5>\t\t\t\t<\/div>\n\t\t\t\t<\/div>\n\t\t\t\t<div class=\"elementor-element elementor-element-62bb7a6 elementor-widget__width-auto elementor-widget elementor-widget-toggle\" data-id=\"62bb7a6\" data-element_type=\"widget\" data-widget_type=\"toggle.default\">\n\t\t\t\t<div class=\"elementor-widget-container\">\n\t\t\t\t\t\t\t<div class=\"elementor-toggle\">\n\t\t\t\t\t\t\t<div class=\"elementor-toggle-item\">\n\t\t\t\t\t<div id=\"elementor-tab-title-1031\" class=\"elementor-tab-title\" data-tab=\"1\" role=\"button\" aria-controls=\"elementor-tab-content-1031\" aria-expanded=\"false\">\n\t\t\t\t\t\t\t\t\t\t\t\t<span class=\"elementor-toggle-icon elementor-toggle-icon-left\" aria-hidden=\"true\">\n\t\t\t\t\t\t\t\t\t\t\t\t\t\t\t<span class=\"elementor-toggle-icon-closed\"><i class=\"fas fa-caret-right\"><\/i><\/span>\n\t\t\t\t\t\t\t\t<span class=\"elementor-toggle-icon-opened\"><i class=\"elementor-toggle-icon-opened fas fa-caret-up\"><\/i><\/span>\n\t\t\t\t\t\t\t\t\t\t\t\t\t<\/span>\n\t\t\t\t\t\t\t\t\t\t\t\t<a class=\"elementor-toggle-title\" tabindex=\"0\">M\u00e9moire de Maitrise (BAC + 4)<\/a>\n\t\t\t\t\t<\/div>\n\n\t\t\t\t\t<div id=\"elementor-tab-content-1031\" class=\"elementor-tab-content elementor-clearfix\" data-tab=\"1\" role=\"region\" aria-labelledby=\"elementor-tab-title-1031\"><ol><li>Une copie non l\u00e9galis\u00e9e du bulletin de naissance<\/li><li>Une copie non l\u00e9galis\u00e9e du certificat de nationalit\u00e9<\/li><li>Une copie non l\u00e9galis\u00e9e de l&rsquo;Attestation de BAC 2<\/li><li>Une copie non l\u00e9galis\u00e9e du Relev\u00e9 de BAC 2<\/li><li>Une copie non l\u00e9galis\u00e9e du Relev\u00e9 de notes des semestres 1 et 2<\/li><li>Une copie non l\u00e9galis\u00e9e du Relev\u00e9 du semestre 3 et 4 ou du relev\u00e9 de la 2\u00e8me ann\u00e9e<\/li><li>Une copie non l\u00e9galis\u00e9e de l&rsquo;attestation de BAC +2 (BTS, DTS ou dipl\u00f4me \u00e9quivalent)<\/li><li>Une copie non l\u00e9galis\u00e9e du Relev\u00e9 de BAC + 2 (BTS, DTS, ou dipl\u00f4me \u00e9quivalent)<\/li><li>Une copie non l\u00e9galis\u00e9e de l&rsquo;attestation de licence<\/li><li>Une copie non l\u00e9galis\u00e9e du Relev\u00e9 de notes de la licence (Semaestre 5 et 6)<\/li><li>4 exemplaires des memoires a soutenir\u00a0<\/li><li>Fiche de rapport d&rsquo;evaluation<\/li><li>Une copie du recu pour solde ou d&rsquo;attestation de sole de la comptabilite<\/li><li>Une quittance d&rsquo;un montant de 67500 FCFA<\/li><\/ol><\/div>\n\t\t\t\t<\/div>\n\t\t\t\t\t\t\t<div class=\"elementor-toggle-item\">\n\t\t\t\t\t<div id=\"elementor-tab-title-1032\" class=\"elementor-tab-title\" data-tab=\"2\" role=\"button\" aria-controls=\"elementor-tab-content-1032\" aria-expanded=\"false\">\n\t\t\t\t\t\t\t\t\t\t\t\t<span class=\"elementor-toggle-icon elementor-toggle-icon-left\" aria-hidden=\"true\">\n\t\t\t\t\t\t\t\t\t\t\t\t\t\t\t<span class=\"elementor-toggle-icon-closed\"><i class=\"fas fa-caret-right\"><\/i><\/span>\n\t\t\t\t\t\t\t\t<span class=\"elementor-toggle-icon-opened\"><i class=\"elementor-toggle-icon-opened fas fa-caret-up\"><\/i><\/span>\n\t\t\t\t\t\t\t\t\t\t\t\t\t<\/span>\n\t\t\t\t\t\t\t\t\t\t\t\t<a class=\"elementor-toggle-title\" tabindex=\"0\">Pr\u00e9-\u00e9valuation de Maitrise (Bac + 5)<\/a>\n\t\t\t\t\t<\/div>\n\n\t\t\t\t\t<div id=\"elementor-tab-content-1032\" class=\"elementor-tab-content elementor-clearfix\" data-tab=\"2\" role=\"region\" aria-labelledby=\"elementor-tab-title-1032\"><ol><li>Une copie non l\u00e9galis\u00e9e de l&rsquo;Attestation de BAC 2<\/li><li>Une copie non l\u00e9galis\u00e9e du Relev\u00e9 de BAC 2<\/li><li>2 exemplaires de memoires<\/li><\/ol><\/div>\n\t\t\t\t<\/div>\n\t\t\t\t\t\t\t<div class=\"elementor-toggle-item\">\n\t\t\t\t\t<div id=\"elementor-tab-title-1033\" class=\"elementor-tab-title\" data-tab=\"3\" role=\"button\" aria-controls=\"elementor-tab-content-1033\" aria-expanded=\"false\">\n\t\t\t\t\t\t\t\t\t\t\t\t<span class=\"elementor-toggle-icon elementor-toggle-icon-left\" aria-hidden=\"true\">\n\t\t\t\t\t\t\t\t\t\t\t\t\t\t\t<span class=\"elementor-toggle-icon-closed\"><i class=\"fas fa-caret-right\"><\/i><\/span>\n\t\t\t\t\t\t\t\t<span class=\"elementor-toggle-icon-opened\"><i class=\"elementor-toggle-icon-opened fas fa-caret-up\"><\/i><\/span>\n\t\t\t\t\t\t\t\t\t\t\t\t\t<\/span>\n\t\t\t\t\t\t\t\t\t\t\t\t<a class=\"elementor-toggle-title\" tabindex=\"0\">D\u00e9p\u00f4t final de m\u00e9moire de Maitrise (Bac + 5)<\/a>\n\t\t\t\t\t<\/div>\n\n\t\t\t\t\t<div id=\"elementor-tab-content-1033\" class=\"elementor-tab-content elementor-clearfix\" data-tab=\"3\" role=\"region\" aria-labelledby=\"elementor-tab-title-1033\"><ol><li>Une demande adress\u00e9e au DG de l&rsquo;institut<\/li><li>Une copie non l\u00e9galis\u00e9e du Relev\u00e9 de notes des semestres 3 et 4 (ou relev\u00e9s de notes des deux derniers semestres du Master)<\/li><li>Une copie de la ffiche de realisation du Memoire de Master<\/li><li>Une copie de la fiche d&rsquo;autorisation d&rsquo;impression<\/li><li>4 exemplaires du memoire a soutenir<\/li><\/ol><\/div>\n\t\t\t\t<\/div>\n\t\t\t\t\t\t\t\t<\/div>\n\t\t\t\t\t\t<\/div>\n\t\t\t\t<\/div>\n\t\t\t\t\t<\/div>\n\t\t<\/div>\n\t\t\t\t\t<\/div>\n\t\t<\/section>\n\t\t\t\t<section class=\"elementor-section elementor-top-section elementor-element elementor-element-e1c8147 elementor-section-boxed elementor-section-height-default elementor-section-height-default\" data-id=\"e1c8147\" data-element_type=\"section\">\n\t\t\t\t\t\t<div class=\"elementor-container elementor-column-gap-default\">\n\t\t\t\t\t<div class=\"elementor-column elementor-col-100 elementor-top-column elementor-element elementor-element-80ec3fc\" data-id=\"80ec3fc\" data-element_type=\"column\">\n\t\t\t<div class=\"elementor-widget-wrap elementor-element-populated\">\n\t\t\t\t\t\t<div class=\"elementor-element elementor-element-9358da7 elementor-widget elementor-widget-heading\" data-id=\"9358da7\" data-element_type=\"widget\" data-widget_type=\"heading.default\">\n\t\t\t\t<div class=\"elementor-widget-container\">\n\t\t\t\t\t<h5 class=\"elementor-heading-title elementor-size-default\">Etapes<br><\/h5>\t\t\t\t<\/div>\n\t\t\t\t<\/div>\n\t\t\t\t<div class=\"elementor-element elementor-element-f945f94 elementor-widget elementor-widget-text-editor\" data-id=\"f945f94\" data-element_type=\"widget\" data-widget_type=\"text-editor.default\">\n\t\t\t\t<div class=\"elementor-widget-container\">\n\t\t\t\t\t\t\t\t\t<ol><li>Veuillez rassembler les documents mentionn\u00e9s dans l&rsquo;une des descriptions ci-dessus selon vos besoins.<\/li><li>Se rendre \u00e0 l&rsquo;institut pour faire le dep\u00f4t des documents.<\/li><li>Payer \u00e0 la caisse .<\/li><\/ol><p>Les informations suppl\u00e9mentaires vous seront communiqu\u00e9s \u00e0 l&rsquo;institut ou contactez marthe.ouyayi@iaectogo.com<\/p>\t\t\t\t\t\t\t\t<\/div>\n\t\t\t\t<\/div>\n\t\t\t\t<div class=\"elementor-element elementor-element-5caf876 elementor-widget elementor-widget-spacer\" data-id=\"5caf876\" data-element_type=\"widget\" data-widget_type=\"spacer.default\">\n\t\t\t\t<div class=\"elementor-widget-container\">\n\t\t\t\t\t\t\t<div class=\"elementor-spacer\">\n\t\t\t<div class=\"elementor-spacer-inner\"><\/div>\n\t\t<\/div>\n\t\t\t\t\t\t<\/div>\n\t\t\t\t<\/div>\n\t\t\t\t\t<\/div>\n\t\t<\/div>\n\t\t\t\t\t<\/div>\n\t\t<\/section>\n\t\t\t\t<\/div>","protected":false},"excerpt":{"rendered":"<p>DEPOT DU MEMOIRE DE MASTER Pieces a fournir M\u00e9moire de Maitrise (BAC + 4) Une copie non l\u00e9galis\u00e9e du bulletin de naissance Une copie non l\u00e9galis\u00e9e du certificat de nationalit\u00e9 Une copie non l\u00e9galis\u00e9e de l&#8217;Attestation de BAC 2 Une copie non l\u00e9galis\u00e9e du Relev\u00e9 de BAC 2 Une copie non l\u00e9galis\u00e9e du Relev\u00e9 de&#8230;<\/p>","protected":false},"author":4,"featured_media":0,"parent":989584,"menu_order":0,"comment_status":"closed","ping_status":"closed","template":"","meta":{"_monsterinsights_skip_tracking":false,"_monsterinsights_sitenote_active":false,"_monsterinsights_sitenote_note":"","_monsterinsights_sitenote_category":0,"footnotes":""},"class_list":["post-989660","page","type-page","status-publish","hentry"],"yoast_head":"<!-- This site is optimized with the Yoast SEO plugin v27.4 - https:\/\/yoast.com\/product\/yoast-seo-wordpress\/ -->\n<title>Soutenance et memoire - IAEC TOGO<\/title>\n<meta name=\"robots\" content=\"index, follow, max-snippet:-1, max-image-preview:large, max-video-preview:-1\" \/>\n<link rel=\"canonical\" href=\"https:\/\/iaectogo.com\/en\/resources-academiques\/soutenance-et-memoire\/\" \/>\n<meta property=\"og:locale\" content=\"en_GB\" \/>\n<meta property=\"og:type\" content=\"article\" \/>\n<meta property=\"og:title\" content=\"Soutenance et memoire - IAEC TOGO\" \/>\n<meta property=\"og:description\" content=\"DEPOT DU MEMOIRE DE MASTER Pieces a fournir M\u00e9moire de Maitrise (BAC + 4) Une copie non l\u00e9galis\u00e9e du bulletin de naissance Une copie non l\u00e9galis\u00e9e du certificat de nationalit\u00e9 Une copie non l\u00e9galis\u00e9e de l&#8217;Attestation de BAC 2 Une copie non l\u00e9galis\u00e9e du Relev\u00e9 de BAC 2 Une copie non l\u00e9galis\u00e9e du Relev\u00e9 de...\" \/>\n<meta property=\"og:url\" content=\"https:\/\/iaectogo.com\/en\/resources-academiques\/soutenance-et-memoire\/\" \/>\n<meta property=\"og:site_name\" content=\"IAEC TOGO\" \/>\n<meta property=\"article:publisher\" content=\"https:\/\/www.facebook.com\/IAEC.Universite\" \/>\n<meta property=\"article:modified_time\" content=\"2023-09-25T15:23:30+00:00\" \/>\n<meta name=\"twitter:card\" content=\"summary_large_image\" \/>\n<meta name=\"twitter:site\" content=\"@iaectogo\" \/>\n<meta name=\"twitter:label1\" content=\"Estimated reading time\" \/>\n\t<meta name=\"twitter:data1\" content=\"2 minutes\" \/>\n<script type=\"application\/ld+json\" class=\"yoast-schema-graph\">{\"@context\":\"https:\\\/\\\/schema.org\",\"@graph\":[{\"@type\":\"WebPage\",\"@id\":\"https:\\\/\\\/iaectogo.com\\\/resources-academiques\\\/soutenance-et-memoire\\\/\",\"url\":\"https:\\\/\\\/iaectogo.com\\\/resources-academiques\\\/soutenance-et-memoire\\\/\",\"name\":\"Soutenance et memoire - IAEC TOGO\",\"isPartOf\":{\"@id\":\"https:\\\/\\\/iaectogo.com\\\/#website\"},\"datePublished\":\"2023-06-08T09:49:08+00:00\",\"dateModified\":\"2023-09-25T15:23:30+00:00\",\"breadcrumb\":{\"@id\":\"https:\\\/\\\/iaectogo.com\\\/resources-academiques\\\/soutenance-et-memoire\\\/#breadcrumb\"},\"inLanguage\":\"en-GB\",\"potentialAction\":[{\"@type\":\"ReadAction\",\"target\":[\"https:\\\/\\\/iaectogo.com\\\/resources-academiques\\\/soutenance-et-memoire\\\/\"]}]},{\"@type\":\"BreadcrumbList\",\"@id\":\"https:\\\/\\\/iaectogo.com\\\/resources-academiques\\\/soutenance-et-memoire\\\/#breadcrumb\",\"itemListElement\":[{\"@type\":\"ListItem\",\"position\":1,\"name\":\"Accueil\",\"item\":\"https:\\\/\\\/iaectogo.com\\\/\"},{\"@type\":\"ListItem\",\"position\":2,\"name\":\"Resources academiques\",\"item\":\"https:\\\/\\\/iaectogo.com\\\/resources-academiques\\\/\"},{\"@type\":\"ListItem\",\"position\":3,\"name\":\"Soutenance et memoire\"}]},{\"@type\":\"WebSite\",\"@id\":\"https:\\\/\\\/iaectogo.com\\\/#website\",\"url\":\"https:\\\/\\\/iaectogo.com\\\/\",\"name\":\"IAEC TOGO\",\"description\":\"Institut Africain d&#039;Administration et d&#039;Etudes Commerciales\",\"publisher\":{\"@id\":\"https:\\\/\\\/iaectogo.com\\\/#organization\"},\"potentialAction\":[{\"@type\":\"SearchAction\",\"target\":{\"@type\":\"EntryPoint\",\"urlTemplate\":\"https:\\\/\\\/iaectogo.com\\\/?s={search_term_string}\"},\"query-input\":{\"@type\":\"PropertyValueSpecification\",\"valueRequired\":true,\"valueName\":\"search_term_string\"}}],\"inLanguage\":\"en-GB\"},{\"@type\":\"Organization\",\"@id\":\"https:\\\/\\\/iaectogo.com\\\/#organization\",\"name\":\"IAEC TOGO\",\"url\":\"https:\\\/\\\/iaectogo.com\\\/\",\"logo\":{\"@type\":\"ImageObject\",\"inLanguage\":\"en-GB\",\"@id\":\"https:\\\/\\\/iaectogo.com\\\/#\\\/schema\\\/logo\\\/image\\\/\",\"url\":\"https:\\\/\\\/iaectogo.com\\\/iaectogo.com\\\/wp-content\\\/uploads\\\/2021\\\/09\\\/logo-avec-ecriture-bleu.png\",\"contentUrl\":\"https:\\\/\\\/iaectogo.com\\\/iaectogo.com\\\/wp-content\\\/uploads\\\/2021\\\/09\\\/logo-avec-ecriture-bleu.png\",\"width\":2768,\"height\":801,\"caption\":\"IAEC TOGO\"},\"image\":{\"@id\":\"https:\\\/\\\/iaectogo.com\\\/#\\\/schema\\\/logo\\\/image\\\/\"},\"sameAs\":[\"https:\\\/\\\/www.facebook.com\\\/IAEC.Universite\",\"https:\\\/\\\/x.com\\\/iaectogo\",\"https:\\\/\\\/www.instagram.com\\\/iaectogo\"]}]}<\/script>\n<!-- \/ Yoast SEO plugin. -->","yoast_head_json":{"title":"Soutenance et memoire - IAEC TOGO","robots":{"index":"index","follow":"follow","max-snippet":"max-snippet:-1","max-image-preview":"max-image-preview:large","max-video-preview":"max-video-preview:-1"},"canonical":"https:\/\/iaectogo.com\/en\/resources-academiques\/soutenance-et-memoire\/","og_locale":"en_GB","og_type":"article","og_title":"Soutenance et memoire - IAEC TOGO","og_description":"DEPOT DU MEMOIRE DE MASTER Pieces a fournir M\u00e9moire de Maitrise (BAC + 4) Une copie non l\u00e9galis\u00e9e du bulletin de naissance Une copie non l\u00e9galis\u00e9e du certificat de nationalit\u00e9 Une copie non l\u00e9galis\u00e9e de l&#8217;Attestation de BAC 2 Une copie non l\u00e9galis\u00e9e du Relev\u00e9 de BAC 2 Une copie non l\u00e9galis\u00e9e du Relev\u00e9 de...","og_url":"https:\/\/iaectogo.com\/en\/resources-academiques\/soutenance-et-memoire\/","og_site_name":"IAEC TOGO","article_publisher":"https:\/\/www.facebook.com\/IAEC.Universite","article_modified_time":"2023-09-25T15:23:30+00:00","twitter_card":"summary_large_image","twitter_site":"@iaectogo","twitter_misc":{"Estimated reading time":"2 minutes"},"schema":{"@context":"https:\/\/schema.org","@graph":[{"@type":"WebPage","@id":"https:\/\/iaectogo.com\/resources-academiques\/soutenance-et-memoire\/","url":"https:\/\/iaectogo.com\/resources-academiques\/soutenance-et-memoire\/","name":"Soutenance et memoire - IAEC TOGO","isPartOf":{"@id":"https:\/\/iaectogo.com\/#website"},"datePublished":"2023-06-08T09:49:08+00:00","dateModified":"2023-09-25T15:23:30+00:00","breadcrumb":{"@id":"https:\/\/iaectogo.com\/resources-academiques\/soutenance-et-memoire\/#breadcrumb"},"inLanguage":"en-GB","potentialAction":[{"@type":"ReadAction","target":["https:\/\/iaectogo.com\/resources-academiques\/soutenance-et-memoire\/"]}]},{"@type":"BreadcrumbList","@id":"https:\/\/iaectogo.com\/resources-academiques\/soutenance-et-memoire\/#breadcrumb","itemListElement":[{"@type":"ListItem","position":1,"name":"Accueil","item":"https:\/\/iaectogo.com\/"},{"@type":"ListItem","position":2,"name":"Resources academiques","item":"https:\/\/iaectogo.com\/resources-academiques\/"},{"@type":"ListItem","position":3,"name":"Soutenance et memoire"}]},{"@type":"WebSite","@id":"https:\/\/iaectogo.com\/#website","url":"https:\/\/iaectogo.com\/","name":"IAEC TOGO","description":"Institut Africain d&#039;Administration et d&#039;Etudes Commerciales","publisher":{"@id":"https:\/\/iaectogo.com\/#organization"},"potentialAction":[{"@type":"SearchAction","target":{"@type":"EntryPoint","urlTemplate":"https:\/\/iaectogo.com\/?s={search_term_string}"},"query-input":{"@type":"PropertyValueSpecification","valueRequired":true,"valueName":"search_term_string"}}],"inLanguage":"en-GB"},{"@type":"Organization","@id":"https:\/\/iaectogo.com\/#organization","name":"IAEC TOGO","url":"https:\/\/iaectogo.com\/","logo":{"@type":"ImageObject","inLanguage":"en-GB","@id":"https:\/\/iaectogo.com\/#\/schema\/logo\/image\/","url":"https:\/\/iaectogo.com\/iaectogo.com\/wp-content\/uploads\/2021\/09\/logo-avec-ecriture-bleu.png","contentUrl":"https:\/\/iaectogo.com\/iaectogo.com\/wp-content\/uploads\/2021\/09\/logo-avec-ecriture-bleu.png","width":2768,"height":801,"caption":"IAEC TOGO"},"image":{"@id":"https:\/\/iaectogo.com\/#\/schema\/logo\/image\/"},"sameAs":["https:\/\/www.facebook.com\/IAEC.Universite","https:\/\/x.com\/iaectogo","https:\/\/www.instagram.com\/iaectogo"]}]}},"jetpack_shortlink":"https:\/\/wp.me\/Pc0b2i-49sg","jetpack_sharing_enabled":true,"_links":{"self":[{"href":"https:\/\/iaectogo.com\/en\/wp-json\/wp\/v2\/pages\/989660","targetHints":{"allow":["GET"]}}],"collection":[{"href":"https:\/\/iaectogo.com\/en\/wp-json\/wp\/v2\/pages"}],"about":[{"href":"https:\/\/iaectogo.com\/en\/wp-json\/wp\/v2\/types\/page"}],"author":[{"embeddable":true,"href":"https:\/\/iaectogo.com\/en\/wp-json\/wp\/v2\/users\/4"}],"replies":[{"embeddable":true,"href":"https:\/\/iaectogo.com\/en\/wp-json\/wp\/v2\/comments?post=989660"}],"version-history":[{"count":10,"href":"https:\/\/iaectogo.com\/en\/wp-json\/wp\/v2\/pages\/989660\/revisions"}],"predecessor-version":[{"id":990137,"href":"https:\/\/iaectogo.com\/en\/wp-json\/wp\/v2\/pages\/989660\/revisions\/990137"}],"up":[{"embeddable":true,"href":"https:\/\/iaectogo.com\/en\/wp-json\/wp\/v2\/pages\/989584"}],"wp:attachment":[{"href":"https:\/\/iaectogo.com\/en\/wp-json\/wp\/v2\/media?parent=989660"}],"curies":[{"name":"wp","href":"https:\/\/api.w.org\/{rel}","templated":true}]}}