{"id":988748,"date":"2022-02-03T12:08:54","date_gmt":"2022-02-03T12:08:54","guid":{"rendered":"https:\/\/iaectogo.com\/?page_id=988748"},"modified":"2022-02-03T12:12:23","modified_gmt":"2022-02-03T12:12:23","slug":"evenements-2","status":"publish","type":"page","link":"https:\/\/iaectogo.com\/en\/evenements-2\/","title":{"rendered":"Ev\u00e8nements"},"content":{"rendered":"<div data-elementor-type=\"wp-page\" data-elementor-id=\"988748\" class=\"elementor elementor-988748\">\n\t\t\t\t\t\t<section class=\"elementor-section elementor-top-section elementor-element elementor-element-ee3c115 elementor-section-height-min-height elementor-section-boxed elementor-section-height-default elementor-section-items-middle\" data-id=\"ee3c115\" data-element_type=\"section\" data-settings=\"{&quot;background_background&quot;:&quot;classic&quot;}\">\n\t\t\t\t\t\t\t<div class=\"elementor-background-overlay\"><\/div>\n\t\t\t\t\t\t\t<div class=\"elementor-container elementor-column-gap-default\">\n\t\t\t\t\t<div class=\"elementor-column elementor-col-100 elementor-top-column elementor-element elementor-element-51dd833\" data-id=\"51dd833\" data-element_type=\"column\" data-settings=\"{&quot;background_background&quot;:&quot;classic&quot;}\">\n\t\t\t<div class=\"elementor-widget-wrap\">\n\t\t\t\t\t\t\t<\/div>\n\t\t<\/div>\n\t\t\t\t\t<\/div>\n\t\t<\/section>\n\t\t\t\t<section class=\"elementor-section elementor-top-section elementor-element elementor-element-16f8bb0 elementor-section-boxed elementor-section-height-default elementor-section-height-default\" data-id=\"16f8bb0\" data-element_type=\"section\">\n\t\t\t\t\t\t<div class=\"elementor-container elementor-column-gap-no\">\n\t\t\t\t\t<div class=\"elementor-column elementor-col-50 elementor-top-column elementor-element elementor-element-023ba7a animated-fast elementor-invisible\" data-id=\"023ba7a\" data-element_type=\"column\" data-settings=\"{&quot;background_background&quot;:&quot;classic&quot;,&quot;animation&quot;:&quot;fadeIn&quot;,&quot;animation_tablet&quot;:&quot;none&quot;,&quot;animation_mobile&quot;:&quot;none&quot;,&quot;animation_delay&quot;:100}\">\n\t\t\t<div class=\"elementor-widget-wrap elementor-element-populated\">\n\t\t\t\t\t\t<div class=\"elementor-element elementor-element-854ead9 elementor-widget elementor-widget-text-editor\" data-id=\"854ead9\" data-element_type=\"widget\" data-widget_type=\"text-editor.default\">\n\t\t\t\t<div class=\"elementor-widget-container\">\n\t\t\t\t\t\t\t\t\t<p>Les \u00e9v\u00e8nements \u00e9ducatif organis\u00e9 fr\u00e9quemment par la plus prestigieuse des universit\u00e9s.\u00a0\u00a0<\/p>\t\t\t\t\t\t\t\t<\/div>\n\t\t\t\t<\/div>\n\t\t\t\t\t<\/div>\n\t\t<\/div>\n\t\t\t\t<div class=\"elementor-column elementor-col-50 elementor-top-column elementor-element elementor-element-f890c46 elementor-hidden-desktop elementor-hidden-tablet elementor-hidden-phone\" data-id=\"f890c46\" data-element_type=\"column\">\n\t\t\t<div class=\"elementor-widget-wrap\">\n\t\t\t\t\t\t\t<\/div>\n\t\t<\/div>\n\t\t\t\t\t<\/div>\n\t\t<\/section>\n\t\t\t\t<section class=\"elementor-section elementor-top-section elementor-element elementor-element-db2d66a elementor-section-boxed elementor-section-height-default elementor-section-height-default\" data-id=\"db2d66a\" data-element_type=\"section\">\n\t\t\t\t\t\t<div class=\"elementor-container elementor-column-gap-default\">\n\t\t\t\t\t<div class=\"elementor-column elementor-col-100 elementor-top-column elementor-element elementor-element-946b00b\" data-id=\"946b00b\" data-element_type=\"column\">\n\t\t\t<div class=\"elementor-widget-wrap\">\n\t\t\t\t\t\t\t<\/div>\n\t\t<\/div>\n\t\t\t\t\t<\/div>\n\t\t<\/section>\n\t\t\t\t<section class=\"elementor-section elementor-top-section elementor-element elementor-element-bbf1890 elementor-section-boxed elementor-section-height-default elementor-section-height-default\" data-id=\"bbf1890\" data-element_type=\"section\" data-settings=\"{&quot;background_background&quot;:&quot;classic&quot;}\">\n\t\t\t\t\t\t<div class=\"elementor-container elementor-column-gap-no\">\n\t\t\t\t\t<div class=\"elementor-column elementor-col-50 elementor-top-column elementor-element elementor-element-588e302\" data-id=\"588e302\" data-element_type=\"column\">\n\t\t\t<div class=\"elementor-widget-wrap elementor-element-populated\">\n\t\t\t\t\t\t<div class=\"elementor-element elementor-element-bbd4f51 elementor-widget elementor-widget-heading\" data-id=\"bbd4f51\" data-element_type=\"widget\" data-settings=\"{&quot;_animation&quot;:&quot;none&quot;,&quot;_animation_tablet&quot;:&quot;none&quot;,&quot;_animation_mobile&quot;:&quot;none&quot;,&quot;_animation_delay&quot;:200}\" data-widget_type=\"heading.default\">\n\t\t\t\t<div class=\"elementor-widget-container\">\n\t\t\t\t\t<h3 class=\"elementor-heading-title elementor-size-default\">Proc\u00e9dure d'inscription<\/h3>\t\t\t\t<\/div>\n\t\t\t\t<\/div>\n\t\t\t\t\t<\/div>\n\t\t<\/div>\n\t\t\t\t<div class=\"elementor-column elementor-col-50 elementor-top-column elementor-element elementor-element-11a1e31 elementor-hidden-phone\" data-id=\"11a1e31\" data-element_type=\"column\">\n\t\t\t<div class=\"elementor-widget-wrap elementor-element-populated\">\n\t\t\t\t\t\t<div class=\"elementor-element elementor-element-d725440 elementor-align-right vamtam-has-underline-anim elementor-widget elementor-widget-button\" data-id=\"d725440\" data-element_type=\"widget\" data-widget_type=\"button.default\">\n\t\t\t\t<div class=\"elementor-widget-container\">\n\t\t\t\t\t\t\t\t\t<div class=\"elementor-button-wrapper\">\n\t\t\t\t\t<a class=\"elementor-button elementor-button-link elementor-size-sm\" href=\"\/en\/how-to-apply\/\">\n\t\t\t\t\t\t<span class=\"elementor-button-content-wrapper\">\n\t\t\t\t\t\t\t\t\t<span class=\"elementor-button-text\">Comment s'inscrire ?<\/span>\n\t\t\t\t\t<\/span>\n\t\t\t\t\t<\/a>\n\t\t\t\t<\/div>\n\t\t\t\t\t\t\t\t<\/div>\n\t\t\t\t<\/div>\n\t\t\t\t\t<\/div>\n\t\t<\/div>\n\t\t\t\t\t<\/div>\n\t\t<\/section>\n\t\t\t\t<section class=\"elementor-section elementor-top-section elementor-element elementor-element-df8a6da elementor-section-boxed elementor-section-height-default elementor-section-height-default\" data-id=\"df8a6da\" data-element_type=\"section\" data-settings=\"{&quot;background_background&quot;:&quot;classic&quot;}\">\n\t\t\t\t\t\t<div class=\"elementor-container elementor-column-gap-no\">\n\t\t\t\t\t<div class=\"elementor-column elementor-col-33 elementor-top-column elementor-element elementor-element-1ec4bcc\" data-id=\"1ec4bcc\" data-element_type=\"column\">\n\t\t\t<div class=\"elementor-widget-wrap elementor-element-populated\">\n\t\t\t\t\t\t<div class=\"elementor-element elementor-element-91107ea elementor-icon-list--layout-traditional elementor-list-item-link-full_width elementor-widget elementor-widget-icon-list\" data-id=\"91107ea\" data-element_type=\"widget\" data-widget_type=\"icon-list.default\">\n\t\t\t\t<div class=\"elementor-widget-container\">\n\t\t\t\t\t\t\t<ul class=\"elementor-icon-list-items\">\n\t\t\t\t\t\t\t<li class=\"elementor-icon-list-item\">\n\t\t\t\t\t\t\t\t\t\t\t<span class=\"elementor-icon-list-icon\">\n\t\t\t\t\t\t\t<i aria-hidden=\"true\" class=\"vamtamtheme- vamtam-theme-list\"><\/i>\t\t\t\t\t\t<\/span>\n\t\t\t\t\t\t\t\t\t\t<span class=\"elementor-icon-list-text\">Vous postulez<\/span>\n\t\t\t\t\t\t\t\t\t<\/li>\n\t\t\t\t\t\t<\/ul>\n\t\t\t\t\t\t<\/div>\n\t\t\t\t<\/div>\n\t\t\t\t<div class=\"elementor-element elementor-element-02a8851 elementor-widget elementor-widget-text-editor\" data-id=\"02a8851\" data-element_type=\"widget\" data-widget_type=\"text-editor.default\">\n\t\t\t\t<div class=\"elementor-widget-container\">\n\t\t\t\t\t\t\t\t\t<p>Parlez-nous un peu de vous et nous vous aiderons pour le reste. Notre outil de demande en ligne pratique ne prend que 10 minutes \u00e0 remplir.<\/p>\t\t\t\t\t\t\t\t<\/div>\n\t\t\t\t<\/div>\n\t\t\t\t\t<\/div>\n\t\t<\/div>\n\t\t\t\t<div class=\"elementor-column elementor-col-33 elementor-top-column elementor-element elementor-element-cd5734b\" data-id=\"cd5734b\" data-element_type=\"column\">\n\t\t\t<div class=\"elementor-widget-wrap elementor-element-populated\">\n\t\t\t\t\t\t<div class=\"elementor-element elementor-element-f2522c7 elementor-icon-list--layout-traditional elementor-list-item-link-full_width elementor-widget elementor-widget-icon-list\" data-id=\"f2522c7\" data-element_type=\"widget\" data-widget_type=\"icon-list.default\">\n\t\t\t\t<div class=\"elementor-widget-container\">\n\t\t\t\t\t\t\t<ul class=\"elementor-icon-list-items\">\n\t\t\t\t\t\t\t<li class=\"elementor-icon-list-item\">\n\t\t\t\t\t\t\t\t\t\t\t<span class=\"elementor-icon-list-icon\">\n\t\t\t\t\t\t\t<i aria-hidden=\"true\" class=\"vamtamtheme- vamtam-theme-chat\"><\/i>\t\t\t\t\t\t<\/span>\n\t\t\t\t\t\t\t\t\t\t<span class=\"elementor-icon-list-text\">Nous vous connectons<\/span>\n\t\t\t\t\t\t\t\t\t<\/li>\n\t\t\t\t\t\t<\/ul>\n\t\t\t\t\t\t<\/div>\n\t\t\t\t<\/div>\n\t\t\t\t<div class=\"elementor-element elementor-element-3355601 elementor-widget elementor-widget-text-editor\" data-id=\"3355601\" data-element_type=\"widget\" data-widget_type=\"text-editor.default\">\n\t\t\t\t<div class=\"elementor-widget-container\">\n\t\t\t\t\t\t\t\t\t<p><span style=\"font-family: Inter, sans-serif; font-size: 16px; font-style: normal; font-variant-ligatures: normal; font-variant-caps: normal; font-weight: 500;\">Apr\u00e8s avoir soumis votre candidature, un repr\u00e9sentant des admissions vous contactera et vous aidera \u00e0 terminer le processus.<\/span><\/p>\t\t\t\t\t\t\t\t<\/div>\n\t\t\t\t<\/div>\n\t\t\t\t\t<\/div>\n\t\t<\/div>\n\t\t\t\t<div class=\"elementor-column elementor-col-33 elementor-top-column elementor-element elementor-element-fb67ff9\" data-id=\"fb67ff9\" data-element_type=\"column\">\n\t\t\t<div class=\"elementor-widget-wrap elementor-element-populated\">\n\t\t\t\t\t\t<div class=\"elementor-element elementor-element-29781a9 elementor-icon-list--layout-traditional elementor-list-item-link-full_width elementor-widget elementor-widget-icon-list\" data-id=\"29781a9\" data-element_type=\"widget\" data-widget_type=\"icon-list.default\">\n\t\t\t\t<div class=\"elementor-widget-container\">\n\t\t\t\t\t\t\t<ul class=\"elementor-icon-list-items\">\n\t\t\t\t\t\t\t<li class=\"elementor-icon-list-item\">\n\t\t\t\t\t\t\t\t\t\t\t<span class=\"elementor-icon-list-icon\">\n\t\t\t\t\t\t\t<i aria-hidden=\"true\" class=\"vamtamtheme- vamtam-theme-calendar\"><\/i>\t\t\t\t\t\t<\/span>\n\t\t\t\t\t\t\t\t\t\t<span class=\"elementor-icon-list-text\">Vous \u00eates pr\u00eats !<\/span>\n\t\t\t\t\t\t\t\t\t<\/li>\n\t\t\t\t\t\t<\/ul>\n\t\t\t\t\t\t<\/div>\n\t\t\t\t<\/div>\n\t\t\t\t<div class=\"elementor-element elementor-element-ae5a78f elementor-widget elementor-widget-text-editor\" data-id=\"ae5a78f\" data-element_type=\"widget\" data-widget_type=\"text-editor.default\">\n\t\t\t\t<div class=\"elementor-widget-container\">\n\t\t\t\t\t\t\t\t\t<span style=\"font-family: Inter, sans-serif; font-size: 16px; font-style: normal; font-variant-ligatures: normal; font-variant-caps: normal; font-weight: 500; \">Une fois que vous avez rempli votre demande et connect\u00e9 avec un repr\u00e9sentant des admissions, vous \u00eates pr\u00eat \u00e0 cr\u00e9er votre emploi du temps.<\/span>\t\t\t\t\t\t\t\t<\/div>\n\t\t\t\t<\/div>\n\t\t\t\t<div class=\"elementor-element elementor-element-660ab1c elementor-align-right elementor-mobile-align-left elementor-hidden-desktop elementor-hidden-tablet elementor-widget elementor-widget-button\" data-id=\"660ab1c\" data-element_type=\"widget\" data-widget_type=\"button.default\">\n\t\t\t\t<div class=\"elementor-widget-container\">\n\t\t\t\t\t\t\t\t\t<div class=\"elementor-button-wrapper\">\n\t\t\t\t\t<a class=\"elementor-button elementor-button-link elementor-size-sm\" href=\"https:\/\/iaectogo.com\/en\/iaectogo.com\/comment-sinscrire\/\">\n\t\t\t\t\t\t<span class=\"elementor-button-content-wrapper\">\n\t\t\t\t\t\t\t\t\t<span class=\"elementor-button-text\">Voir les conditions<\/span>\n\t\t\t\t\t<\/span>\n\t\t\t\t\t<\/a>\n\t\t\t\t<\/div>\n\t\t\t\t\t\t\t\t<\/div>\n\t\t\t\t<\/div>\n\t\t\t\t\t<\/div>\n\t\t<\/div>\n\t\t\t\t\t<\/div>\n\t\t<\/section>\n\t\t\t\t<section class=\"elementor-section elementor-top-section elementor-element elementor-element-6be9c1d elementor-section-boxed elementor-section-height-default elementor-section-height-default\" data-id=\"6be9c1d\" data-element_type=\"section\">\n\t\t\t\t\t\t<div class=\"elementor-container elementor-column-gap-default\">\n\t\t\t\t\t<div class=\"elementor-column elementor-col-100 elementor-top-column elementor-element elementor-element-ef73ed2\" data-id=\"ef73ed2\" data-element_type=\"column\">\n\t\t\t<div class=\"elementor-widget-wrap elementor-element-populated\">\n\t\t\t\t\t\t<div class=\"elementor-element elementor-element-4cdf399 elementor-widget__width-auto animated-fast elementor-invisible elementor-widget elementor-widget-heading\" data-id=\"4cdf399\" data-element_type=\"widget\" data-settings=\"{&quot;_animation&quot;:&quot;fadeIn&quot;,&quot;_animation_tablet&quot;:&quot;none&quot;,&quot;_animation_mobile&quot;:&quot;none&quot;,&quot;_animation_delay&quot;:200}\" data-widget_type=\"heading.default\">\n\t\t\t\t<div class=\"elementor-widget-container\">\n\t\t\t\t\t<h1 class=\"elementor-heading-title elementor-size-default\">INSCRIPTION<\/h1>\t\t\t\t<\/div>\n\t\t\t\t<\/div>\n\t\t\t\t\t<\/div>\n\t\t<\/div>\n\t\t\t\t\t<\/div>\n\t\t<\/section>\n\t\t\t\t<section class=\"elementor-section elementor-top-section elementor-element elementor-element-f27cf25 elementor-section-boxed elementor-section-height-default elementor-section-height-default\" data-id=\"f27cf25\" data-element_type=\"section\" data-settings=\"{&quot;background_background&quot;:&quot;classic&quot;}\">\n\t\t\t\t\t\t<div class=\"elementor-container elementor-column-gap-default\">\n\t\t\t\t\t<div class=\"elementor-column elementor-col-100 elementor-top-column elementor-element elementor-element-6d6650a\" data-id=\"6d6650a\" data-element_type=\"column\">\n\t\t\t<div class=\"elementor-widget-wrap elementor-element-populated\">\n\t\t\t\t\t\t<div class=\"elementor-element elementor-element-0c814b2 elementor-widget elementor-widget-heading\" data-id=\"0c814b2\" data-element_type=\"widget\" data-widget_type=\"heading.default\">\n\t\t\t\t<div class=\"elementor-widget-container\">\n\t\t\t\t\t<h5 class=\"elementor-heading-title elementor-size-default\">\u00cates-vous pr\u00eat \u00e0 franchir la prochaine \u00e9tape vers votre future carri\u00e8re?<\/h5>\t\t\t\t<\/div>\n\t\t\t\t<\/div>\n\t\t\t\t<div class=\"elementor-element elementor-element-f35e5f2 elementor-align-center elementor-mobile-align-left elementor-widget elementor-widget-button\" data-id=\"f35e5f2\" data-element_type=\"widget\" data-widget_type=\"button.default\">\n\t\t\t\t<div class=\"elementor-widget-container\">\n\t\t\t\t\t\t\t\t\t<div class=\"elementor-button-wrapper\">\n\t\t\t\t\t<a class=\"elementor-button elementor-button-link elementor-size-sm\" href=\"https:\/\/iaectogo.com\/en\/iaectogo.com\/formulaire-dinscription\/\">\n\t\t\t\t\t\t<span class=\"elementor-button-content-wrapper\">\n\t\t\t\t\t\t<span class=\"elementor-button-icon\">\n\t\t\t\t<i aria-hidden=\"true\" class=\"vamtamtheme- vamtam-theme-arrow-right\"><\/i>\t\t\t<\/span>\n\t\t\t\t\t\t\t\t\t<span class=\"elementor-button-text\">FORMULAIRE EN LIGNE<\/span>\n\t\t\t\t\t<\/span>\n\t\t\t\t\t<\/a>\n\t\t\t\t<\/div>\n\t\t\t\t\t\t\t\t<\/div>\n\t\t\t\t<\/div>\n\t\t\t\t<div class=\"elementor-element elementor-element-671b50b elementor-align-left elementor-widget__width-auto elementor-widget elementor-widget-button\" data-id=\"671b50b\" data-element_type=\"widget\" data-widget_type=\"button.default\">\n\t\t\t\t<div class=\"elementor-widget-container\">\n\t\t\t\t\t\t\t\t\t<div class=\"elementor-button-wrapper\">\n\t\t\t\t\t<a class=\"elementor-button elementor-button-link elementor-size-sm\" href=\"https:\/\/iaectogo.com\/en\/iaectogo.com\/comment-sinscrire\/\">\n\t\t\t\t\t\t<span class=\"elementor-button-content-wrapper\">\n\t\t\t\t\t\t\t\t\t<span class=\"elementor-button-text\">Comment m'inscrire ?<\/span>\n\t\t\t\t\t<\/span>\n\t\t\t\t\t<\/a>\n\t\t\t\t<\/div>\n\t\t\t\t\t\t\t\t<\/div>\n\t\t\t\t<\/div>\n\t\t\t\t\t<\/div>\n\t\t<\/div>\n\t\t\t\t\t<\/div>\n\t\t<\/section>\n\t\t\t\t<\/div>","protected":false},"excerpt":{"rendered":"<p>Les \u00e9v\u00e8nements \u00e9ducatif organis\u00e9 fr\u00e9quemment par la plus prestigieuse des universit\u00e9s.\u00a0\u00a0 Proc\u00e9dure d&rsquo;inscription Comment s&rsquo;inscrire ? Vous postulez Parlez-nous un peu de vous et nous vous aiderons pour le reste. Notre outil de demande en ligne pratique ne prend que 10 minutes \u00e0 remplir. Nous vous connectons Apr\u00e8s avoir soumis votre candidature, un repr\u00e9sentant des&#8230;<\/p>","protected":false},"author":1,"featured_media":0,"parent":0,"menu_order":0,"comment_status":"closed","ping_status":"closed","template":"","meta":{"_monsterinsights_skip_tracking":false,"_monsterinsights_sitenote_active":false,"_monsterinsights_sitenote_note":"","_monsterinsights_sitenote_category":0,"footnotes":""},"class_list":["post-988748","page","type-page","status-publish","hentry"],"yoast_head":"<!-- This site is optimized with the Yoast SEO plugin v27.5 - https:\/\/yoast.com\/product\/yoast-seo-wordpress\/ -->\n<title>Ev\u00e8nements - IAEC TOGO<\/title>\n<meta name=\"robots\" content=\"index, follow, max-snippet:-1, max-image-preview:large, max-video-preview:-1\" \/>\n<link rel=\"canonical\" href=\"https:\/\/iaectogo.com\/en\/evenements-2\/\" \/>\n<meta property=\"og:locale\" content=\"en_GB\" \/>\n<meta property=\"og:type\" content=\"article\" \/>\n<meta property=\"og:title\" content=\"Ev\u00e8nements - IAEC TOGO\" \/>\n<meta property=\"og:description\" content=\"Les \u00e9v\u00e8nements \u00e9ducatif organis\u00e9 fr\u00e9quemment par la plus prestigieuse des universit\u00e9s.\u00a0\u00a0 Proc\u00e9dure d&rsquo;inscription Comment s&rsquo;inscrire ? Vous postulez Parlez-nous un peu de vous et nous vous aiderons pour le reste. Notre outil de demande en ligne pratique ne prend que 10 minutes \u00e0 remplir. Nous vous connectons Apr\u00e8s avoir soumis votre candidature, un repr\u00e9sentant des...\" \/>\n<meta property=\"og:url\" content=\"https:\/\/iaectogo.com\/en\/evenements-2\/\" \/>\n<meta property=\"og:site_name\" content=\"IAEC TOGO\" \/>\n<meta property=\"article:publisher\" content=\"https:\/\/www.facebook.com\/IAEC.Universite\" \/>\n<meta property=\"article:modified_time\" content=\"2022-02-03T12:12:23+00:00\" \/>\n<meta name=\"twitter:card\" content=\"summary_large_image\" \/>\n<meta name=\"twitter:site\" content=\"@iaectogo\" \/>\n<meta name=\"twitter:label1\" content=\"Estimated reading time\" \/>\n\t<meta name=\"twitter:data1\" content=\"1 minute\" \/>\n<script type=\"application\/ld+json\" class=\"yoast-schema-graph\">{\"@context\":\"https:\\\/\\\/schema.org\",\"@graph\":[{\"@type\":\"WebPage\",\"@id\":\"https:\\\/\\\/iaectogo.com\\\/en\\\/evenements-2\\\/\",\"url\":\"https:\\\/\\\/iaectogo.com\\\/en\\\/evenements-2\\\/\",\"name\":\"Ev\u00e8nements - IAEC TOGO\",\"isPartOf\":{\"@id\":\"https:\\\/\\\/iaectogo.com\\\/#website\"},\"datePublished\":\"2022-02-03T12:08:54+00:00\",\"dateModified\":\"2022-02-03T12:12:23+00:00\",\"breadcrumb\":{\"@id\":\"https:\\\/\\\/iaectogo.com\\\/en\\\/evenements-2\\\/#breadcrumb\"},\"inLanguage\":\"en-GB\",\"potentialAction\":[{\"@type\":\"ReadAction\",\"target\":[\"https:\\\/\\\/iaectogo.com\\\/en\\\/evenements-2\\\/\"]}]},{\"@type\":\"BreadcrumbList\",\"@id\":\"https:\\\/\\\/iaectogo.com\\\/en\\\/evenements-2\\\/#breadcrumb\",\"itemListElement\":[{\"@type\":\"ListItem\",\"position\":1,\"name\":\"Accueil\",\"item\":\"https:\\\/\\\/iaectogo.com\\\/\"},{\"@type\":\"ListItem\",\"position\":2,\"name\":\"Ev\u00e8nements\"}]},{\"@type\":\"WebSite\",\"@id\":\"https:\\\/\\\/iaectogo.com\\\/#website\",\"url\":\"https:\\\/\\\/iaectogo.com\\\/\",\"name\":\"IAEC TOGO\",\"description\":\"Institut Africain d&#039;Administration et d&#039;Etudes Commerciales\",\"publisher\":{\"@id\":\"https:\\\/\\\/iaectogo.com\\\/#organization\"},\"potentialAction\":[{\"@type\":\"SearchAction\",\"target\":{\"@type\":\"EntryPoint\",\"urlTemplate\":\"https:\\\/\\\/iaectogo.com\\\/?s={search_term_string}\"},\"query-input\":{\"@type\":\"PropertyValueSpecification\",\"valueRequired\":true,\"valueName\":\"search_term_string\"}}],\"inLanguage\":\"en-GB\"},{\"@type\":\"Organization\",\"@id\":\"https:\\\/\\\/iaectogo.com\\\/#organization\",\"name\":\"IAEC TOGO\",\"url\":\"https:\\\/\\\/iaectogo.com\\\/\",\"logo\":{\"@type\":\"ImageObject\",\"inLanguage\":\"en-GB\",\"@id\":\"https:\\\/\\\/iaectogo.com\\\/#\\\/schema\\\/logo\\\/image\\\/\",\"url\":\"https:\\\/\\\/iaectogo.com\\\/iaectogo.com\\\/wp-content\\\/uploads\\\/2021\\\/09\\\/logo-avec-ecriture-bleu.png\",\"contentUrl\":\"https:\\\/\\\/iaectogo.com\\\/iaectogo.com\\\/wp-content\\\/uploads\\\/2021\\\/09\\\/logo-avec-ecriture-bleu.png\",\"width\":2768,\"height\":801,\"caption\":\"IAEC TOGO\"},\"image\":{\"@id\":\"https:\\\/\\\/iaectogo.com\\\/#\\\/schema\\\/logo\\\/image\\\/\"},\"sameAs\":[\"https:\\\/\\\/www.facebook.com\\\/IAEC.Universite\",\"https:\\\/\\\/x.com\\\/iaectogo\",\"https:\\\/\\\/www.instagram.com\\\/iaectogo\"]}]}<\/script>\n<!-- \/ Yoast SEO plugin. -->","yoast_head_json":{"title":"Ev\u00e8nements - IAEC TOGO","robots":{"index":"index","follow":"follow","max-snippet":"max-snippet:-1","max-image-preview":"max-image-preview:large","max-video-preview":"max-video-preview:-1"},"canonical":"https:\/\/iaectogo.com\/en\/evenements-2\/","og_locale":"en_GB","og_type":"article","og_title":"Ev\u00e8nements - IAEC TOGO","og_description":"Les \u00e9v\u00e8nements \u00e9ducatif organis\u00e9 fr\u00e9quemment par la plus prestigieuse des universit\u00e9s.\u00a0\u00a0 Proc\u00e9dure d&rsquo;inscription Comment s&rsquo;inscrire ? Vous postulez Parlez-nous un peu de vous et nous vous aiderons pour le reste. Notre outil de demande en ligne pratique ne prend que 10 minutes \u00e0 remplir. Nous vous connectons Apr\u00e8s avoir soumis votre candidature, un repr\u00e9sentant des...","og_url":"https:\/\/iaectogo.com\/en\/evenements-2\/","og_site_name":"IAEC TOGO","article_publisher":"https:\/\/www.facebook.com\/IAEC.Universite","article_modified_time":"2022-02-03T12:12:23+00:00","twitter_card":"summary_large_image","twitter_site":"@iaectogo","twitter_misc":{"Estimated reading time":"1 minute"},"schema":{"@context":"https:\/\/schema.org","@graph":[{"@type":"WebPage","@id":"https:\/\/iaectogo.com\/en\/evenements-2\/","url":"https:\/\/iaectogo.com\/en\/evenements-2\/","name":"Ev\u00e8nements - IAEC TOGO","isPartOf":{"@id":"https:\/\/iaectogo.com\/#website"},"datePublished":"2022-02-03T12:08:54+00:00","dateModified":"2022-02-03T12:12:23+00:00","breadcrumb":{"@id":"https:\/\/iaectogo.com\/en\/evenements-2\/#breadcrumb"},"inLanguage":"en-GB","potentialAction":[{"@type":"ReadAction","target":["https:\/\/iaectogo.com\/en\/evenements-2\/"]}]},{"@type":"BreadcrumbList","@id":"https:\/\/iaectogo.com\/en\/evenements-2\/#breadcrumb","itemListElement":[{"@type":"ListItem","position":1,"name":"Accueil","item":"https:\/\/iaectogo.com\/"},{"@type":"ListItem","position":2,"name":"Ev\u00e8nements"}]},{"@type":"WebSite","@id":"https:\/\/iaectogo.com\/#website","url":"https:\/\/iaectogo.com\/","name":"IAEC TOGO","description":"Institut Africain d&#039;Administration et d&#039;Etudes Commerciales","publisher":{"@id":"https:\/\/iaectogo.com\/#organization"},"potentialAction":[{"@type":"SearchAction","target":{"@type":"EntryPoint","urlTemplate":"https:\/\/iaectogo.com\/?s={search_term_string}"},"query-input":{"@type":"PropertyValueSpecification","valueRequired":true,"valueName":"search_term_string"}}],"inLanguage":"en-GB"},{"@type":"Organization","@id":"https:\/\/iaectogo.com\/#organization","name":"IAEC TOGO","url":"https:\/\/iaectogo.com\/","logo":{"@type":"ImageObject","inLanguage":"en-GB","@id":"https:\/\/iaectogo.com\/#\/schema\/logo\/image\/","url":"https:\/\/iaectogo.com\/iaectogo.com\/wp-content\/uploads\/2021\/09\/logo-avec-ecriture-bleu.png","contentUrl":"https:\/\/iaectogo.com\/iaectogo.com\/wp-content\/uploads\/2021\/09\/logo-avec-ecriture-bleu.png","width":2768,"height":801,"caption":"IAEC TOGO"},"image":{"@id":"https:\/\/iaectogo.com\/#\/schema\/logo\/image\/"},"sameAs":["https:\/\/www.facebook.com\/IAEC.Universite","https:\/\/x.com\/iaectogo","https:\/\/www.instagram.com\/iaectogo"]}]}},"jetpack_shortlink":"https:\/\/wp.me\/Pc0b2i-49dy","jetpack_sharing_enabled":true,"_links":{"self":[{"href":"https:\/\/iaectogo.com\/en\/wp-json\/wp\/v2\/pages\/988748","targetHints":{"allow":["GET"]}}],"collection":[{"href":"https:\/\/iaectogo.com\/en\/wp-json\/wp\/v2\/pages"}],"about":[{"href":"https:\/\/iaectogo.com\/en\/wp-json\/wp\/v2\/types\/page"}],"author":[{"embeddable":true,"href":"https:\/\/iaectogo.com\/en\/wp-json\/wp\/v2\/users\/1"}],"replies":[{"embeddable":true,"href":"https:\/\/iaectogo.com\/en\/wp-json\/wp\/v2\/comments?post=988748"}],"version-history":[{"count":5,"href":"https:\/\/iaectogo.com\/en\/wp-json\/wp\/v2\/pages\/988748\/revisions"}],"predecessor-version":[{"id":988757,"href":"https:\/\/iaectogo.com\/en\/wp-json\/wp\/v2\/pages\/988748\/revisions\/988757"}],"wp:attachment":[{"href":"https:\/\/iaectogo.com\/en\/wp-json\/wp\/v2\/media?parent=988748"}],"curies":[{"name":"wp","href":"https:\/\/api.w.org\/{rel}","templated":true}]}}