{"id":987748,"date":"2021-09-07T15:50:22","date_gmt":"2021-09-07T15:50:22","guid":{"rendered":"https:\/\/iaectogo.com\/?page_id=987748"},"modified":"2023-09-25T09:09:27","modified_gmt":"2023-09-25T09:09:27","slug":"cours-en-ligne","status":"publish","type":"page","link":"https:\/\/iaectogo.com\/en\/cours-en-ligne\/","title":{"rendered":"Cours En Ligne"},"content":{"rendered":"<div data-elementor-type=\"wp-page\" data-elementor-id=\"987748\" class=\"elementor elementor-987748\">\n\t\t\t\t\t\t<section class=\"elementor-section elementor-top-section elementor-element elementor-element-ee3c115 elementor-section-height-min-height elementor-section-boxed elementor-section-height-default elementor-section-items-middle\" data-id=\"ee3c115\" data-element_type=\"section\" data-settings=\"{&quot;background_background&quot;:&quot;classic&quot;}\">\n\t\t\t\t\t\t\t<div class=\"elementor-background-overlay\"><\/div>\n\t\t\t\t\t\t\t<div class=\"elementor-container elementor-column-gap-default\">\n\t\t\t\t\t<div class=\"elementor-column elementor-col-100 elementor-top-column elementor-element elementor-element-51dd833\" data-id=\"51dd833\" data-element_type=\"column\" data-settings=\"{&quot;background_background&quot;:&quot;classic&quot;}\">\n\t\t\t<div class=\"elementor-widget-wrap\">\n\t\t\t\t\t\t\t<\/div>\n\t\t<\/div>\n\t\t\t\t\t<\/div>\n\t\t<\/section>\n\t\t\t\t<section class=\"elementor-section elementor-top-section elementor-element elementor-element-16f8bb0 elementor-section-boxed elementor-section-height-default elementor-section-height-default\" data-id=\"16f8bb0\" data-element_type=\"section\">\n\t\t\t\t\t\t<div class=\"elementor-container elementor-column-gap-no\">\n\t\t\t\t\t<div class=\"elementor-column elementor-col-50 elementor-top-column elementor-element elementor-element-023ba7a animated-fast elementor-invisible\" data-id=\"023ba7a\" data-element_type=\"column\" data-settings=\"{&quot;background_background&quot;:&quot;classic&quot;,&quot;animation&quot;:&quot;fadeIn&quot;,&quot;animation_tablet&quot;:&quot;none&quot;,&quot;animation_mobile&quot;:&quot;none&quot;,&quot;animation_delay&quot;:100}\">\n\t\t\t<div class=\"elementor-widget-wrap elementor-element-populated\">\n\t\t\t\t\t\t<div class=\"elementor-element elementor-element-854ead9 elementor-widget elementor-widget-text-editor\" data-id=\"854ead9\" data-element_type=\"widget\" data-widget_type=\"text-editor.default\">\n\t\t\t\t<div class=\"elementor-widget-container\">\n\t\t\t\t\t\t\t\t\t<p>B\u00e9n\u00e9ficiez de nos enseignements de qualit\u00e9 depuis chez vous. Notre plateforme de cours en ligne vous permets de passer votre dipl\u00f4me tout en s&rsquo;adaptant \u00e0 vos obligations.\u00a0<\/p>\t\t\t\t\t\t\t\t<\/div>\n\t\t\t\t<\/div>\n\t\t\t\t\t<\/div>\n\t\t<\/div>\n\t\t\t\t<div class=\"elementor-column elementor-col-50 elementor-top-column elementor-element elementor-element-f890c46 elementor-hidden-desktop elementor-hidden-tablet elementor-hidden-phone\" data-id=\"f890c46\" data-element_type=\"column\">\n\t\t\t<div class=\"elementor-widget-wrap\">\n\t\t\t\t\t\t\t<\/div>\n\t\t<\/div>\n\t\t\t\t\t<\/div>\n\t\t<\/section>\n\t\t\t\t<section class=\"elementor-section elementor-top-section elementor-element elementor-element-090ff92 elementor-section-content-middle elementor-section-boxed elementor-section-height-default elementor-section-height-default\" data-id=\"090ff92\" data-element_type=\"section\" data-settings=\"{&quot;animation&quot;:&quot;none&quot;,&quot;animation_tablet&quot;:&quot;none&quot;,&quot;animation_mobile&quot;:&quot;none&quot;,&quot;animation_delay&quot;:300}\">\n\t\t\t\t\t\t<div class=\"elementor-container elementor-column-gap-no\">\n\t\t\t\t\t<div class=\"elementor-column elementor-col-33 elementor-top-column elementor-element elementor-element-8109ba6\" data-id=\"8109ba6\" data-element_type=\"column\">\n\t\t\t<div class=\"elementor-widget-wrap elementor-element-populated\">\n\t\t\t\t\t\t<div class=\"elementor-element elementor-element-8840160 elementor-widget__width-auto elementor-widget elementor-widget-heading\" data-id=\"8840160\" data-element_type=\"widget\" data-widget_type=\"heading.default\">\n\t\t\t\t<div class=\"elementor-widget-container\">\n\t\t\t\t\t<h1 class=\"elementor-heading-title elementor-size-default\">50<\/h1>\t\t\t\t<\/div>\n\t\t\t\t<\/div>\n\t\t\t\t\t<\/div>\n\t\t<\/div>\n\t\t\t\t<div class=\"elementor-column elementor-col-66 elementor-top-column elementor-element elementor-element-9843b12\" data-id=\"9843b12\" data-element_type=\"column\">\n\t\t\t<div class=\"elementor-widget-wrap elementor-element-populated\">\n\t\t\t\t\t\t<div class=\"elementor-element elementor-element-794210d elementor-widget__width-initial elementor-widget-tablet__width-inherit elementor-widget elementor-widget-heading\" data-id=\"794210d\" data-element_type=\"widget\" data-widget_type=\"heading.default\">\n\t\t\t\t<div class=\"elementor-widget-container\">\n\t\t\t\t\t<h2 class=\"elementor-heading-title elementor-size-default\">majeures et programmes de premier cycle<\/h2>\t\t\t\t<\/div>\n\t\t\t\t<\/div>\n\t\t\t\t\t<\/div>\n\t\t<\/div>\n\t\t\t\t\t<\/div>\n\t\t<\/section>\n\t\t\t\t<section class=\"elementor-section elementor-top-section elementor-element elementor-element-99fb212 elementor-section-boxed elementor-section-height-default elementor-section-height-default\" data-id=\"99fb212\" data-element_type=\"section\">\n\t\t\t\t\t\t<div class=\"elementor-container elementor-column-gap-default\">\n\t\t\t\t\t<div class=\"elementor-column elementor-col-100 elementor-top-column elementor-element elementor-element-e3d5441\" data-id=\"e3d5441\" data-element_type=\"column\">\n\t\t\t<div class=\"elementor-widget-wrap elementor-element-populated\">\n\t\t\t\t\t\t<div class=\"elementor-element elementor-element-3f291ca elementor-hidden-mobile elementor-widget-divider--view-line elementor-widget elementor-widget-divider\" data-id=\"3f291ca\" data-element_type=\"widget\" data-widget_type=\"divider.default\">\n\t\t\t\t<div class=\"elementor-widget-container\">\n\t\t\t\t\t\t\t<div class=\"elementor-divider\">\n\t\t\t<span class=\"elementor-divider-separator\">\n\t\t\t\t\t\t<\/span>\n\t\t<\/div>\n\t\t\t\t\t\t<\/div>\n\t\t\t\t<\/div>\n\t\t\t\t<div class=\"elementor-element elementor-element-792515f elementor-align-center elementor-widget elementor-widget-button\" data-id=\"792515f\" data-element_type=\"widget\" data-widget_type=\"button.default\">\n\t\t\t\t<div class=\"elementor-widget-container\">\n\t\t\t\t\t\t\t\t\t<div class=\"elementor-button-wrapper\">\n\t\t\t\t\t<a class=\"elementor-button elementor-button-link elementor-size-md\" href=\"https:\/\/online.iaectogo.com\">\n\t\t\t\t\t\t<span class=\"elementor-button-content-wrapper\">\n\t\t\t\t\t\t<span class=\"elementor-button-icon\">\n\t\t\t\t<i aria-hidden=\"true\" class=\"far fa-arrow-alt-circle-right\"><\/i>\t\t\t<\/span>\n\t\t\t\t\t\t\t\t\t<span class=\"elementor-button-text\">SUIVRE LES COURS EN LIGNE <\/span>\n\t\t\t\t\t<\/span>\n\t\t\t\t\t<\/a>\n\t\t\t\t<\/div>\n\t\t\t\t\t\t\t\t<\/div>\n\t\t\t\t<\/div>\n\t\t\t\t\t<\/div>\n\t\t<\/div>\n\t\t\t\t\t<\/div>\n\t\t<\/section>\n\t\t\t\t<section class=\"elementor-section elementor-top-section elementor-element elementor-element-3a3ab1a elementor-section-boxed elementor-section-height-default elementor-section-height-default\" data-id=\"3a3ab1a\" data-element_type=\"section\">\n\t\t\t\t\t\t<div class=\"elementor-container elementor-column-gap-default\">\n\t\t\t\t\t<div class=\"elementor-column elementor-col-100 elementor-top-column elementor-element elementor-element-ff648ea\" data-id=\"ff648ea\" data-element_type=\"column\">\n\t\t\t<div class=\"elementor-widget-wrap elementor-element-populated\">\n\t\t\t\t\t\t<div class=\"elementor-element elementor-element-cc19586 elementor-hidden-mobile elementor-widget-divider--view-line elementor-widget elementor-widget-divider\" data-id=\"cc19586\" data-element_type=\"widget\" data-widget_type=\"divider.default\">\n\t\t\t\t<div class=\"elementor-widget-container\">\n\t\t\t\t\t\t\t<div class=\"elementor-divider\">\n\t\t\t<span class=\"elementor-divider-separator\">\n\t\t\t\t\t\t<\/span>\n\t\t<\/div>\n\t\t\t\t\t\t<\/div>\n\t\t\t\t<\/div>\n\t\t\t\t<div class=\"elementor-element elementor-element-879e948 elementor-widget elementor-widget-text-editor\" data-id=\"879e948\" data-element_type=\"widget\" data-settings=\"{&quot;_animation&quot;:&quot;none&quot;,&quot;_animation_tablet&quot;:&quot;none&quot;,&quot;_animation_mobile&quot;:&quot;none&quot;,&quot;_animation_delay&quot;:300}\" data-widget_type=\"text-editor.default\">\n\t\t\t\t<div class=\"elementor-widget-container\">\n\t\t\t\t\t\t\t\t\t<p>L&rsquo;universit\u00e9 offre une gamme diversifi\u00e9e de cours en ligne con\u00e7us pour r\u00e9pondre aux besoins des \u00e9tudiants modernes. Ces cours offrent la flexibilit\u00e9 n\u00e9cessaire pour \u00e9tudier de n&rsquo;importe o\u00f9, \u00e0 tout moment, ce qui permet aux \u00e9tudiants de concilier plus facilement leurs \u00e9tudes avec d&rsquo;autres engagements personnels ou professionnels. Avec un acc\u00e8s 24h\/24 et 7j\/7 aux ressources d&rsquo;apprentissage en ligne, les \u00e9tudiants peuvent progresser \u00e0 leur propre rythme tout en b\u00e9n\u00e9ficiant d&rsquo;une interaction r\u00e9guli\u00e8re avec des instructeurs qualifi\u00e9s. Que ce soit pour acqu\u00e9rir de nouvelles comp\u00e9tences, compl\u00e9ter une formation existante ou poursuivre un dipl\u00f4me complet, les cours en ligne offrent une opportunit\u00e9 d&rsquo;apprentissage accessible et personnalis\u00e9e pour les apprenants de tous horizons.<\/p>\t\t\t\t\t\t\t\t<\/div>\n\t\t\t\t<\/div>\n\t\t\t\t\t<\/div>\n\t\t<\/div>\n\t\t\t\t\t<\/div>\n\t\t<\/section>\n\t\t\t\t<section class=\"elementor-section elementor-top-section elementor-element elementor-element-6be9c1d elementor-section-boxed elementor-section-height-default elementor-section-height-default\" data-id=\"6be9c1d\" data-element_type=\"section\">\n\t\t\t\t\t\t<div class=\"elementor-container elementor-column-gap-default\">\n\t\t\t\t\t<div class=\"elementor-column elementor-col-100 elementor-top-column elementor-element elementor-element-ef73ed2\" data-id=\"ef73ed2\" data-element_type=\"column\">\n\t\t\t<div class=\"elementor-widget-wrap elementor-element-populated\">\n\t\t\t\t\t\t<div class=\"elementor-element elementor-element-5e65690 elementor-hidden-mobile elementor-widget-divider--view-line elementor-widget elementor-widget-divider\" data-id=\"5e65690\" data-element_type=\"widget\" data-widget_type=\"divider.default\">\n\t\t\t\t<div class=\"elementor-widget-container\">\n\t\t\t\t\t\t\t<div class=\"elementor-divider\">\n\t\t\t<span class=\"elementor-divider-separator\">\n\t\t\t\t\t\t<\/span>\n\t\t<\/div>\n\t\t\t\t\t\t<\/div>\n\t\t\t\t<\/div>\n\t\t\t\t<div class=\"elementor-element elementor-element-4cdf399 elementor-widget__width-auto animated-fast elementor-invisible elementor-widget elementor-widget-heading\" data-id=\"4cdf399\" data-element_type=\"widget\" data-settings=\"{&quot;_animation&quot;:&quot;fadeIn&quot;,&quot;_animation_tablet&quot;:&quot;none&quot;,&quot;_animation_mobile&quot;:&quot;none&quot;,&quot;_animation_delay&quot;:200}\" data-widget_type=\"heading.default\">\n\t\t\t\t<div class=\"elementor-widget-container\">\n\t\t\t\t\t<h1 class=\"elementor-heading-title elementor-size-default\">INSCRIPTION<\/h1>\t\t\t\t<\/div>\n\t\t\t\t<\/div>\n\t\t\t\t\t<\/div>\n\t\t<\/div>\n\t\t\t\t\t<\/div>\n\t\t<\/section>\n\t\t\t\t<section class=\"elementor-section elementor-top-section elementor-element elementor-element-f27cf25 elementor-section-boxed elementor-section-height-default elementor-section-height-default\" data-id=\"f27cf25\" data-element_type=\"section\" data-settings=\"{&quot;background_background&quot;:&quot;classic&quot;}\">\n\t\t\t\t\t\t<div class=\"elementor-container elementor-column-gap-default\">\n\t\t\t\t\t<div class=\"elementor-column elementor-col-100 elementor-top-column elementor-element elementor-element-6d6650a\" data-id=\"6d6650a\" data-element_type=\"column\">\n\t\t\t<div class=\"elementor-widget-wrap elementor-element-populated\">\n\t\t\t\t\t\t<div class=\"elementor-element elementor-element-0c814b2 elementor-widget elementor-widget-heading\" data-id=\"0c814b2\" data-element_type=\"widget\" data-widget_type=\"heading.default\">\n\t\t\t\t<div class=\"elementor-widget-container\">\n\t\t\t\t\t<h5 class=\"elementor-heading-title elementor-size-default\">\u00cates-vous pr\u00eat \u00e0 franchir la prochaine \u00e9tape vers votre future carri\u00e8re?<\/h5>\t\t\t\t<\/div>\n\t\t\t\t<\/div>\n\t\t\t\t<div class=\"elementor-element elementor-element-f35e5f2 elementor-align-center elementor-mobile-align-left elementor-widget elementor-widget-button\" data-id=\"f35e5f2\" data-element_type=\"widget\" data-widget_type=\"button.default\">\n\t\t\t\t<div class=\"elementor-widget-container\">\n\t\t\t\t\t\t\t\t\t<div class=\"elementor-button-wrapper\">\n\t\t\t\t\t<a class=\"elementor-button elementor-button-link elementor-size-sm\" href=\"https:\/\/iaectogo.com\/en\/iaectogo.com\/formulaire-dinscription\/\">\n\t\t\t\t\t\t<span class=\"elementor-button-content-wrapper\">\n\t\t\t\t\t\t<span class=\"elementor-button-icon\">\n\t\t\t\t<i aria-hidden=\"true\" class=\"vamtamtheme- vamtam-theme-arrow-right\"><\/i>\t\t\t<\/span>\n\t\t\t\t\t\t\t\t\t<span class=\"elementor-button-text\">FORMULAIRE d'INSCRIPTION<\/span>\n\t\t\t\t\t<\/span>\n\t\t\t\t\t<\/a>\n\t\t\t\t<\/div>\n\t\t\t\t\t\t\t\t<\/div>\n\t\t\t\t<\/div>\n\t\t\t\t<div class=\"elementor-element elementor-element-671b50b elementor-align-left elementor-widget__width-auto elementor-widget elementor-widget-button\" data-id=\"671b50b\" data-element_type=\"widget\" data-widget_type=\"button.default\">\n\t\t\t\t<div class=\"elementor-widget-container\">\n\t\t\t\t\t\t\t\t\t<div class=\"elementor-button-wrapper\">\n\t\t\t\t\t<a class=\"elementor-button elementor-button-link elementor-size-sm\" href=\"\/en\/schedule-a-tour\/\">\n\t\t\t\t\t\t<span class=\"elementor-button-content-wrapper\">\n\t\t\t\t\t\t\t\t\t<span class=\"elementor-button-text\">Comment s'inscrire ?<\/span>\n\t\t\t\t\t<\/span>\n\t\t\t\t\t<\/a>\n\t\t\t\t<\/div>\n\t\t\t\t\t\t\t\t<\/div>\n\t\t\t\t<\/div>\n\t\t\t\t\t<\/div>\n\t\t<\/div>\n\t\t\t\t\t<\/div>\n\t\t<\/section>\n\t\t\t\t<\/div>","protected":false},"excerpt":{"rendered":"<p>B\u00e9n\u00e9ficiez de nos enseignements de qualit\u00e9 depuis chez vous. Notre plateforme de cours en ligne vous permets de passer votre dipl\u00f4me tout en s&rsquo;adaptant \u00e0 vos obligations.\u00a0 50 majeures et programmes de premier cycle SUIVRE LES COURS EN LIGNE L&rsquo;universit\u00e9 offre une gamme diversifi\u00e9e de cours en ligne con\u00e7us pour r\u00e9pondre aux besoins des \u00e9tudiants&#8230;<\/p>","protected":false},"author":1,"featured_media":0,"parent":0,"menu_order":0,"comment_status":"closed","ping_status":"closed","template":"","meta":{"_monsterinsights_skip_tracking":false,"_monsterinsights_sitenote_active":false,"_monsterinsights_sitenote_note":"","_monsterinsights_sitenote_category":0,"footnotes":""},"class_list":["post-987748","page","type-page","status-publish","hentry"],"yoast_head":"<!-- This site is optimized with the Yoast SEO plugin v27.4 - https:\/\/yoast.com\/product\/yoast-seo-wordpress\/ -->\n<title>Cours En Ligne - IAEC TOGO<\/title>\n<meta name=\"robots\" content=\"index, follow, max-snippet:-1, max-image-preview:large, max-video-preview:-1\" \/>\n<link rel=\"canonical\" href=\"https:\/\/iaectogo.com\/en\/cours-en-ligne\/\" \/>\n<meta property=\"og:locale\" content=\"en_GB\" \/>\n<meta property=\"og:type\" content=\"article\" \/>\n<meta property=\"og:title\" content=\"Cours En Ligne - IAEC TOGO\" \/>\n<meta property=\"og:description\" content=\"B\u00e9n\u00e9ficiez de nos enseignements de qualit\u00e9 depuis chez vous. Notre plateforme de cours en ligne vous permets de passer votre dipl\u00f4me tout en s&rsquo;adaptant \u00e0 vos obligations.\u00a0 50 majeures et programmes de premier cycle SUIVRE LES COURS EN LIGNE L&rsquo;universit\u00e9 offre une gamme diversifi\u00e9e de cours en ligne con\u00e7us pour r\u00e9pondre aux besoins des \u00e9tudiants...\" \/>\n<meta property=\"og:url\" content=\"https:\/\/iaectogo.com\/en\/cours-en-ligne\/\" \/>\n<meta property=\"og:site_name\" content=\"IAEC TOGO\" \/>\n<meta property=\"article:publisher\" content=\"https:\/\/www.facebook.com\/IAEC.Universite\" \/>\n<meta property=\"article:modified_time\" content=\"2023-09-25T09:09:27+00:00\" \/>\n<meta name=\"twitter:card\" content=\"summary_large_image\" \/>\n<meta name=\"twitter:site\" content=\"@iaectogo\" \/>\n<meta name=\"twitter:label1\" content=\"Estimated reading time\" \/>\n\t<meta name=\"twitter:data1\" content=\"1 minute\" \/>\n<script type=\"application\/ld+json\" class=\"yoast-schema-graph\">{\"@context\":\"https:\\\/\\\/schema.org\",\"@graph\":[{\"@type\":\"WebPage\",\"@id\":\"https:\\\/\\\/iaectogo.com\\\/cours-en-ligne\\\/\",\"url\":\"https:\\\/\\\/iaectogo.com\\\/cours-en-ligne\\\/\",\"name\":\"Cours En Ligne - IAEC TOGO\",\"isPartOf\":{\"@id\":\"https:\\\/\\\/iaectogo.com\\\/#website\"},\"datePublished\":\"2021-09-07T15:50:22+00:00\",\"dateModified\":\"2023-09-25T09:09:27+00:00\",\"breadcrumb\":{\"@id\":\"https:\\\/\\\/iaectogo.com\\\/cours-en-ligne\\\/#breadcrumb\"},\"inLanguage\":\"en-GB\",\"potentialAction\":[{\"@type\":\"ReadAction\",\"target\":[\"https:\\\/\\\/iaectogo.com\\\/cours-en-ligne\\\/\"]}]},{\"@type\":\"BreadcrumbList\",\"@id\":\"https:\\\/\\\/iaectogo.com\\\/cours-en-ligne\\\/#breadcrumb\",\"itemListElement\":[{\"@type\":\"ListItem\",\"position\":1,\"name\":\"Accueil\",\"item\":\"https:\\\/\\\/iaectogo.com\\\/\"},{\"@type\":\"ListItem\",\"position\":2,\"name\":\"Cours En Ligne\"}]},{\"@type\":\"WebSite\",\"@id\":\"https:\\\/\\\/iaectogo.com\\\/#website\",\"url\":\"https:\\\/\\\/iaectogo.com\\\/\",\"name\":\"IAEC TOGO\",\"description\":\"Institut Africain d&#039;Administration et d&#039;Etudes Commerciales\",\"publisher\":{\"@id\":\"https:\\\/\\\/iaectogo.com\\\/#organization\"},\"potentialAction\":[{\"@type\":\"SearchAction\",\"target\":{\"@type\":\"EntryPoint\",\"urlTemplate\":\"https:\\\/\\\/iaectogo.com\\\/?s={search_term_string}\"},\"query-input\":{\"@type\":\"PropertyValueSpecification\",\"valueRequired\":true,\"valueName\":\"search_term_string\"}}],\"inLanguage\":\"en-GB\"},{\"@type\":\"Organization\",\"@id\":\"https:\\\/\\\/iaectogo.com\\\/#organization\",\"name\":\"IAEC TOGO\",\"url\":\"https:\\\/\\\/iaectogo.com\\\/\",\"logo\":{\"@type\":\"ImageObject\",\"inLanguage\":\"en-GB\",\"@id\":\"https:\\\/\\\/iaectogo.com\\\/#\\\/schema\\\/logo\\\/image\\\/\",\"url\":\"https:\\\/\\\/iaectogo.com\\\/iaectogo.com\\\/wp-content\\\/uploads\\\/2021\\\/09\\\/logo-avec-ecriture-bleu.png\",\"contentUrl\":\"https:\\\/\\\/iaectogo.com\\\/iaectogo.com\\\/wp-content\\\/uploads\\\/2021\\\/09\\\/logo-avec-ecriture-bleu.png\",\"width\":2768,\"height\":801,\"caption\":\"IAEC TOGO\"},\"image\":{\"@id\":\"https:\\\/\\\/iaectogo.com\\\/#\\\/schema\\\/logo\\\/image\\\/\"},\"sameAs\":[\"https:\\\/\\\/www.facebook.com\\\/IAEC.Universite\",\"https:\\\/\\\/x.com\\\/iaectogo\",\"https:\\\/\\\/www.instagram.com\\\/iaectogo\"]}]}<\/script>\n<!-- \/ Yoast SEO plugin. -->","yoast_head_json":{"title":"Cours En Ligne - IAEC TOGO","robots":{"index":"index","follow":"follow","max-snippet":"max-snippet:-1","max-image-preview":"max-image-preview:large","max-video-preview":"max-video-preview:-1"},"canonical":"https:\/\/iaectogo.com\/en\/cours-en-ligne\/","og_locale":"en_GB","og_type":"article","og_title":"Cours En Ligne - IAEC TOGO","og_description":"B\u00e9n\u00e9ficiez de nos enseignements de qualit\u00e9 depuis chez vous. Notre plateforme de cours en ligne vous permets de passer votre dipl\u00f4me tout en s&rsquo;adaptant \u00e0 vos obligations.\u00a0 50 majeures et programmes de premier cycle SUIVRE LES COURS EN LIGNE L&rsquo;universit\u00e9 offre une gamme diversifi\u00e9e de cours en ligne con\u00e7us pour r\u00e9pondre aux besoins des \u00e9tudiants...","og_url":"https:\/\/iaectogo.com\/en\/cours-en-ligne\/","og_site_name":"IAEC TOGO","article_publisher":"https:\/\/www.facebook.com\/IAEC.Universite","article_modified_time":"2023-09-25T09:09:27+00:00","twitter_card":"summary_large_image","twitter_site":"@iaectogo","twitter_misc":{"Estimated reading time":"1 minute"},"schema":{"@context":"https:\/\/schema.org","@graph":[{"@type":"WebPage","@id":"https:\/\/iaectogo.com\/cours-en-ligne\/","url":"https:\/\/iaectogo.com\/cours-en-ligne\/","name":"Cours En Ligne - IAEC TOGO","isPartOf":{"@id":"https:\/\/iaectogo.com\/#website"},"datePublished":"2021-09-07T15:50:22+00:00","dateModified":"2023-09-25T09:09:27+00:00","breadcrumb":{"@id":"https:\/\/iaectogo.com\/cours-en-ligne\/#breadcrumb"},"inLanguage":"en-GB","potentialAction":[{"@type":"ReadAction","target":["https:\/\/iaectogo.com\/cours-en-ligne\/"]}]},{"@type":"BreadcrumbList","@id":"https:\/\/iaectogo.com\/cours-en-ligne\/#breadcrumb","itemListElement":[{"@type":"ListItem","position":1,"name":"Accueil","item":"https:\/\/iaectogo.com\/"},{"@type":"ListItem","position":2,"name":"Cours En Ligne"}]},{"@type":"WebSite","@id":"https:\/\/iaectogo.com\/#website","url":"https:\/\/iaectogo.com\/","name":"IAEC TOGO","description":"Institut Africain d&#039;Administration et d&#039;Etudes Commerciales","publisher":{"@id":"https:\/\/iaectogo.com\/#organization"},"potentialAction":[{"@type":"SearchAction","target":{"@type":"EntryPoint","urlTemplate":"https:\/\/iaectogo.com\/?s={search_term_string}"},"query-input":{"@type":"PropertyValueSpecification","valueRequired":true,"valueName":"search_term_string"}}],"inLanguage":"en-GB"},{"@type":"Organization","@id":"https:\/\/iaectogo.com\/#organization","name":"IAEC TOGO","url":"https:\/\/iaectogo.com\/","logo":{"@type":"ImageObject","inLanguage":"en-GB","@id":"https:\/\/iaectogo.com\/#\/schema\/logo\/image\/","url":"https:\/\/iaectogo.com\/iaectogo.com\/wp-content\/uploads\/2021\/09\/logo-avec-ecriture-bleu.png","contentUrl":"https:\/\/iaectogo.com\/iaectogo.com\/wp-content\/uploads\/2021\/09\/logo-avec-ecriture-bleu.png","width":2768,"height":801,"caption":"IAEC TOGO"},"image":{"@id":"https:\/\/iaectogo.com\/#\/schema\/logo\/image\/"},"sameAs":["https:\/\/www.facebook.com\/IAEC.Universite","https:\/\/x.com\/iaectogo","https:\/\/www.instagram.com\/iaectogo"]}]}},"jetpack_shortlink":"https:\/\/wp.me\/Pc0b2i-48Xq","jetpack_sharing_enabled":true,"_links":{"self":[{"href":"https:\/\/iaectogo.com\/en\/wp-json\/wp\/v2\/pages\/987748","targetHints":{"allow":["GET"]}}],"collection":[{"href":"https:\/\/iaectogo.com\/en\/wp-json\/wp\/v2\/pages"}],"about":[{"href":"https:\/\/iaectogo.com\/en\/wp-json\/wp\/v2\/types\/page"}],"author":[{"embeddable":true,"href":"https:\/\/iaectogo.com\/en\/wp-json\/wp\/v2\/users\/1"}],"replies":[{"embeddable":true,"href":"https:\/\/iaectogo.com\/en\/wp-json\/wp\/v2\/comments?post=987748"}],"version-history":[{"count":28,"href":"https:\/\/iaectogo.com\/en\/wp-json\/wp\/v2\/pages\/987748\/revisions"}],"predecessor-version":[{"id":990065,"href":"https:\/\/iaectogo.com\/en\/wp-json\/wp\/v2\/pages\/987748\/revisions\/990065"}],"wp:attachment":[{"href":"https:\/\/iaectogo.com\/en\/wp-json\/wp\/v2\/media?parent=987748"}],"curies":[{"name":"wp","href":"https:\/\/api.w.org\/{rel}","templated":true}]}}