{"id":6289,"date":"2020-11-19T21:57:41","date_gmt":"2020-11-19T21:57:41","guid":{"rendered":"https:\/\/estudiar.vamtam.com\/?page_id=6289"},"modified":"2021-09-09T09:47:53","modified_gmt":"2021-09-09T09:47:53","slug":"donation","status":"publish","type":"page","link":"https:\/\/iaectogo.com\/en\/donation\/","title":{"rendered":"Donation"},"content":{"rendered":"<div data-elementor-type=\"wp-page\" data-elementor-id=\"6289\" class=\"elementor elementor-6289\">\n\t\t\t\t\t\t<section class=\"elementor-section elementor-top-section elementor-element elementor-element-1901aeb elementor-section-height-min-height elementor-section-boxed elementor-section-height-default elementor-section-items-middle\" data-id=\"1901aeb\" data-element_type=\"section\" data-settings=\"{&quot;background_background&quot;:&quot;classic&quot;}\">\n\t\t\t\t\t\t\t<div class=\"elementor-background-overlay\"><\/div>\n\t\t\t\t\t\t\t<div class=\"elementor-container elementor-column-gap-default\">\n\t\t\t\t\t<div class=\"elementor-column elementor-col-100 elementor-top-column elementor-element elementor-element-728d59f\" data-id=\"728d59f\" data-element_type=\"column\" data-settings=\"{&quot;background_background&quot;:&quot;classic&quot;}\">\n\t\t\t<div class=\"elementor-widget-wrap\">\n\t\t\t\t\t\t\t<\/div>\n\t\t<\/div>\n\t\t\t\t\t<\/div>\n\t\t<\/section>\n\t\t\t\t<section class=\"elementor-section elementor-top-section elementor-element elementor-element-7c73e26 elementor-section-boxed elementor-section-height-default elementor-section-height-default\" data-id=\"7c73e26\" data-element_type=\"section\">\n\t\t\t\t\t\t<div class=\"elementor-container elementor-column-gap-no\">\n\t\t\t\t\t<div class=\"elementor-column elementor-col-50 elementor-top-column elementor-element elementor-element-c467b50 animated-fast elementor-invisible\" data-id=\"c467b50\" data-element_type=\"column\" data-settings=\"{&quot;background_background&quot;:&quot;classic&quot;,&quot;animation&quot;:&quot;fadeIn&quot;,&quot;animation_tablet&quot;:&quot;none&quot;,&quot;animation_mobile&quot;:&quot;none&quot;,&quot;animation_delay&quot;:100}\">\n\t\t\t<div class=\"elementor-widget-wrap elementor-element-populated\">\n\t\t\t\t\t\t<div class=\"elementor-element elementor-element-0478b72 elementor-widget elementor-widget-text-editor\" data-id=\"0478b72\" data-element_type=\"widget\" data-widget_type=\"text-editor.default\">\n\t\t\t\t<div class=\"elementor-widget-container\">\n\t\t\t\t\t\t\t\t\t<p>Informations pour faire un don<\/p>\t\t\t\t\t\t\t\t<\/div>\n\t\t\t\t<\/div>\n\t\t\t\t\t<\/div>\n\t\t<\/div>\n\t\t\t\t<div class=\"elementor-column elementor-col-50 elementor-top-column elementor-element elementor-element-f39f5d4 elementor-hidden-desktop elementor-hidden-tablet elementor-hidden-phone\" data-id=\"f39f5d4\" data-element_type=\"column\">\n\t\t\t<div class=\"elementor-widget-wrap\">\n\t\t\t\t\t\t\t<\/div>\n\t\t<\/div>\n\t\t\t\t\t<\/div>\n\t\t<\/section>\n\t\t\t\t<section class=\"elementor-section elementor-top-section elementor-element elementor-element-1edb123 elementor-section-boxed elementor-section-height-default elementor-section-height-default\" data-id=\"1edb123\" data-element_type=\"section\">\n\t\t\t\t\t\t<div class=\"elementor-container elementor-column-gap-no\">\n\t\t\t\t\t<div class=\"elementor-column elementor-col-100 elementor-top-column elementor-element elementor-element-07a0b5b\" data-id=\"07a0b5b\" data-element_type=\"column\" data-settings=\"{&quot;animation&quot;:&quot;none&quot;,&quot;animation_tablet&quot;:&quot;none&quot;,&quot;animation_mobile&quot;:&quot;none&quot;,&quot;animation_delay&quot;:300}\">\n\t\t\t<div class=\"elementor-widget-wrap elementor-element-populated\">\n\t\t\t\t\t\t<div class=\"elementor-element elementor-element-282789d elementor-widget elementor-widget-heading\" data-id=\"282789d\" data-element_type=\"widget\" data-widget_type=\"heading.default\">\n\t\t\t\t<div class=\"elementor-widget-container\">\n\t\t\t\t\t<h3 class=\"elementor-heading-title elementor-size-default\">Veuillez envisager de faire un don au fonds annuel<\/h3>\t\t\t\t<\/div>\n\t\t\t\t<\/div>\n\t\t\t\t<div class=\"elementor-element elementor-element-5b15a4e elementor-widget elementor-widget-text-editor\" data-id=\"5b15a4e\" data-element_type=\"widget\" data-widget_type=\"text-editor.default\">\n\t\t\t\t<div class=\"elementor-widget-container\">\n\t\t\t\t\t\t\t\t\t<p>Votre soutien maintenant, avec un don de n&rsquo;importe quel montant, est essentiel pour nous assurer que nous avons les ressources n\u00e9cessaires pour continuer \u00e0 honorer notre vision d&rsquo;\u00eatre le centre intellectuel et cr\u00e9atif pr\u00e9\u00e9minent pour un engagement efficace dans un monde qui exige de plus en plus des objets, des communications et des syst\u00e8mes mieux con\u00e7us. , et les organisations pour r\u00e9pondre aux besoins sociaux. Votre soutien maintenant, avec un don de n&rsquo;importe quel montant, est essentiel pour nous assurer que nous avons les ressources n\u00e9cessaires pour continuer \u00e0 honorer notre vision d&rsquo;\u00eatre le centre intellectuel et cr\u00e9atif pr\u00e9\u00e9minent pour un engagement efficace dans un monde qui exige de plus en plus des objets, des communications et des syst\u00e8mes mieux con\u00e7us. , et les organisations pour r\u00e9pondre aux besoins sociaux.<\/p>\t\t\t\t\t\t\t\t<\/div>\n\t\t\t\t<\/div>\n\t\t\t\t<div class=\"elementor-element elementor-element-54fee02 elementor-widget elementor-widget-heading\" data-id=\"54fee02\" data-element_type=\"widget\" data-widget_type=\"heading.default\">\n\t\t\t\t<div class=\"elementor-widget-container\">\n\t\t\t\t\t<h3 class=\"elementor-heading-title elementor-size-default\">Soutenez notre universit\u00e9<\/h3>\t\t\t\t<\/div>\n\t\t\t\t<\/div>\n\t\t\t\t<div class=\"elementor-element elementor-element-d73a1e5 elementor-widget elementor-widget-text-editor\" data-id=\"d73a1e5\" data-element_type=\"widget\" data-widget_type=\"text-editor.default\">\n\t\t\t\t<div class=\"elementor-widget-container\">\n\t\t\t\t\t\t\t\t\t<p>Les familles sont invit\u00e9es \u00e0 assister \u00e0 une orientation familiale virtuelle d&rsquo;une journ\u00e9e. Les informations sur la fa\u00e7on de s&rsquo;inscrire seront bient\u00f4t disponibles. Votre soutien maintenant, avec un don de n&rsquo;importe quel montant, est essentiel pour nous assurer que nous avons les ressources n\u00e9cessaires pour continuer \u00e0 honorer notre vision d&rsquo;\u00eatre le centre intellectuel et cr\u00e9atif pr\u00e9\u00e9minent pour un engagement efficace dans un monde qui exige de plus en plus des objets, des communications et des syst\u00e8mes mieux con\u00e7us. , et les organisations pour r\u00e9pondre aux besoins sociaux.<\/p>\t\t\t\t\t\t\t\t<\/div>\n\t\t\t\t<\/div>\n\t\t\t\t<div class=\"elementor-element elementor-element-6a148f4 elementor-widget elementor-widget-heading\" data-id=\"6a148f4\" data-element_type=\"widget\" data-widget_type=\"heading.default\">\n\t\t\t\t<div class=\"elementor-widget-container\">\n\t\t\t\t\t<h3 class=\"elementor-heading-title elementor-size-default\">Soutenir le bien-\u00eatre des \u00e9l\u00e8ves<\/h3>\t\t\t\t<\/div>\n\t\t\t\t<\/div>\n\t\t\t\t<div class=\"elementor-element elementor-element-0976820 elementor-widget elementor-widget-text-editor\" data-id=\"0976820\" data-element_type=\"widget\" data-widget_type=\"text-editor.default\">\n\t\t\t\t<div class=\"elementor-widget-container\">\n\t\t\t\t\t\t\t\t\t<p>\u00c0 une \u00e9poque de grande crise, de dislocation et de tensions financi\u00e8res, nous devons redoubler notre investissement de longue date dans le soutien et les ressources pour garantir que chaque \u00e9tudiant puisse s&rsquo;\u00e9panouir. Notre force en tant qu&rsquo;institution est inextricablement li\u00e9e \u00e0 la force de nos \u00e9tudiants et votre don pour soutenir les programmes suivants est le moyen le plus direct dans lequel vous pouvez investir.<\/p>\t\t\t\t\t\t\t\t<\/div>\n\t\t\t\t<\/div>\n\t\t\t\t\t<\/div>\n\t\t<\/div>\n\t\t\t\t\t<\/div>\n\t\t<\/section>\n\t\t\t\t<section class=\"elementor-section elementor-top-section elementor-element elementor-element-87372e4 elementor-section-boxed elementor-section-height-default elementor-section-height-default\" data-id=\"87372e4\" data-element_type=\"section\">\n\t\t\t\t\t\t<div class=\"elementor-container elementor-column-gap-default\">\n\t\t\t\t\t<div class=\"elementor-column elementor-col-100 elementor-top-column elementor-element elementor-element-8b8b108\" data-id=\"8b8b108\" data-element_type=\"column\">\n\t\t\t<div class=\"elementor-widget-wrap elementor-element-populated\">\n\t\t\t\t\t\t<div class=\"elementor-element elementor-element-f4de6ff elementor-widget__width-auto animated-fast elementor-invisible elementor-widget elementor-widget-heading\" data-id=\"f4de6ff\" data-element_type=\"widget\" data-settings=\"{&quot;_animation&quot;:&quot;fadeIn&quot;,&quot;_animation_tablet&quot;:&quot;none&quot;,&quot;_animation_mobile&quot;:&quot;none&quot;,&quot;_animation_delay&quot;:200}\" data-widget_type=\"heading.default\">\n\t\t\t\t<div class=\"elementor-widget-container\">\n\t\t\t\t\t<h1 class=\"elementor-heading-title elementor-size-default\">INSCRIPTION<\/h1>\t\t\t\t<\/div>\n\t\t\t\t<\/div>\n\t\t\t\t\t<\/div>\n\t\t<\/div>\n\t\t\t\t\t<\/div>\n\t\t<\/section>\n\t\t\t\t<section class=\"elementor-section elementor-top-section elementor-element elementor-element-997e865 elementor-section-boxed elementor-section-height-default elementor-section-height-default\" data-id=\"997e865\" data-element_type=\"section\" data-settings=\"{&quot;background_background&quot;:&quot;classic&quot;}\">\n\t\t\t\t\t\t<div class=\"elementor-container elementor-column-gap-default\">\n\t\t\t\t\t<div class=\"elementor-column elementor-col-100 elementor-top-column elementor-element elementor-element-56bbf87\" data-id=\"56bbf87\" data-element_type=\"column\">\n\t\t\t<div class=\"elementor-widget-wrap elementor-element-populated\">\n\t\t\t\t\t\t<div class=\"elementor-element elementor-element-0a073f8 elementor-widget elementor-widget-heading\" data-id=\"0a073f8\" data-element_type=\"widget\" data-widget_type=\"heading.default\">\n\t\t\t\t<div class=\"elementor-widget-container\">\n\t\t\t\t\t<h5 class=\"elementor-heading-title elementor-size-default\">\u00cates-vous pr\u00eat \u00e0 franchir la prochaine \u00e9tape vers votre future carri\u00e8re?<\/h5>\t\t\t\t<\/div>\n\t\t\t\t<\/div>\n\t\t\t\t<div class=\"elementor-element elementor-element-05913eb elementor-align-center elementor-mobile-align-left elementor-widget elementor-widget-button\" data-id=\"05913eb\" data-element_type=\"widget\" data-widget_type=\"button.default\">\n\t\t\t\t<div class=\"elementor-widget-container\">\n\t\t\t\t\t\t\t\t\t<div class=\"elementor-button-wrapper\">\n\t\t\t\t\t<a class=\"elementor-button elementor-button-link elementor-size-sm\" href=\"\/en\/apply-form\/\">\n\t\t\t\t\t\t<span class=\"elementor-button-content-wrapper\">\n\t\t\t\t\t\t<span class=\"elementor-button-icon\">\n\t\t\t\t<i aria-hidden=\"true\" class=\"vamtamtheme- vamtam-theme-arrow-right\"><\/i>\t\t\t<\/span>\n\t\t\t\t\t\t\t\t\t<span class=\"elementor-button-text\">FORMULAIRE D'INSCRIPTION<\/span>\n\t\t\t\t\t<\/span>\n\t\t\t\t\t<\/a>\n\t\t\t\t<\/div>\n\t\t\t\t\t\t\t\t<\/div>\n\t\t\t\t<\/div>\n\t\t\t\t<div class=\"elementor-element elementor-element-aa1d63c elementor-align-left elementor-widget__width-auto elementor-widget elementor-widget-button\" data-id=\"aa1d63c\" data-element_type=\"widget\" data-widget_type=\"button.default\">\n\t\t\t\t<div class=\"elementor-widget-container\">\n\t\t\t\t\t\t\t\t\t<div class=\"elementor-button-wrapper\">\n\t\t\t\t\t<a class=\"elementor-button elementor-button-link elementor-size-sm\" href=\"https:\/\/iaectogo.com\/en\/iaectogo.com\/comment-sinscrire\/\">\n\t\t\t\t\t\t<span class=\"elementor-button-content-wrapper\">\n\t\t\t\t\t\t\t\t\t<span class=\"elementor-button-text\">Comment m'inscrire ?<\/span>\n\t\t\t\t\t<\/span>\n\t\t\t\t\t<\/a>\n\t\t\t\t<\/div>\n\t\t\t\t\t\t\t\t<\/div>\n\t\t\t\t<\/div>\n\t\t\t\t\t<\/div>\n\t\t<\/div>\n\t\t\t\t\t<\/div>\n\t\t<\/section>\n\t\t\t\t<\/div>","protected":false},"excerpt":{"rendered":"<p>Informations pour faire un don Veuillez envisager de faire un don au fonds annuel Votre soutien maintenant, avec un don de n&rsquo;importe quel montant, est essentiel pour nous assurer que nous avons les ressources n\u00e9cessaires pour continuer \u00e0 honorer notre vision d&rsquo;\u00eatre le centre intellectuel et cr\u00e9atif pr\u00e9\u00e9minent pour un engagement efficace dans un monde&#8230;<\/p>","protected":false},"author":1,"featured_media":0,"parent":0,"menu_order":0,"comment_status":"closed","ping_status":"closed","template":"","meta":{"_monsterinsights_skip_tracking":false,"_monsterinsights_sitenote_active":false,"_monsterinsights_sitenote_note":"","_monsterinsights_sitenote_category":0,"footnotes":""},"class_list":["post-6289","page","type-page","status-publish","hentry"],"yoast_head":"<!-- This site is optimized with the Yoast SEO plugin v27.5 - https:\/\/yoast.com\/product\/yoast-seo-wordpress\/ -->\n<title>Donation - IAEC TOGO<\/title>\n<meta name=\"robots\" content=\"index, follow, max-snippet:-1, max-image-preview:large, max-video-preview:-1\" \/>\n<link rel=\"canonical\" href=\"https:\/\/iaectogo.com\/en\/donation\/\" \/>\n<meta property=\"og:locale\" content=\"en_GB\" \/>\n<meta property=\"og:type\" content=\"article\" \/>\n<meta property=\"og:title\" content=\"Donation - IAEC TOGO\" \/>\n<meta property=\"og:description\" content=\"Informations pour faire un don Veuillez envisager de faire un don au fonds annuel Votre soutien maintenant, avec un don de n&rsquo;importe quel montant, est essentiel pour nous assurer que nous avons les ressources n\u00e9cessaires pour continuer \u00e0 honorer notre vision d&rsquo;\u00eatre le centre intellectuel et cr\u00e9atif pr\u00e9\u00e9minent pour un engagement efficace dans un monde...\" \/>\n<meta property=\"og:url\" content=\"https:\/\/iaectogo.com\/en\/donation\/\" \/>\n<meta property=\"og:site_name\" content=\"IAEC TOGO\" \/>\n<meta property=\"article:publisher\" content=\"https:\/\/www.facebook.com\/IAEC.Universite\" \/>\n<meta property=\"article:modified_time\" content=\"2021-09-09T09:47:53+00:00\" \/>\n<meta name=\"twitter:card\" content=\"summary_large_image\" \/>\n<meta name=\"twitter:site\" content=\"@iaectogo\" \/>\n<meta name=\"twitter:label1\" content=\"Estimated reading time\" \/>\n\t<meta name=\"twitter:data1\" content=\"2 minutes\" \/>\n<script type=\"application\/ld+json\" class=\"yoast-schema-graph\">{\"@context\":\"https:\\\/\\\/schema.org\",\"@graph\":[{\"@type\":\"WebPage\",\"@id\":\"https:\\\/\\\/iaectogo.com\\\/donation\\\/\",\"url\":\"https:\\\/\\\/iaectogo.com\\\/donation\\\/\",\"name\":\"Donation - IAEC TOGO\",\"isPartOf\":{\"@id\":\"https:\\\/\\\/iaectogo.com\\\/#website\"},\"datePublished\":\"2020-11-19T21:57:41+00:00\",\"dateModified\":\"2021-09-09T09:47:53+00:00\",\"breadcrumb\":{\"@id\":\"https:\\\/\\\/iaectogo.com\\\/donation\\\/#breadcrumb\"},\"inLanguage\":\"en-GB\",\"potentialAction\":[{\"@type\":\"ReadAction\",\"target\":[\"https:\\\/\\\/iaectogo.com\\\/donation\\\/\"]}]},{\"@type\":\"BreadcrumbList\",\"@id\":\"https:\\\/\\\/iaectogo.com\\\/donation\\\/#breadcrumb\",\"itemListElement\":[{\"@type\":\"ListItem\",\"position\":1,\"name\":\"Accueil\",\"item\":\"https:\\\/\\\/iaectogo.com\\\/\"},{\"@type\":\"ListItem\",\"position\":2,\"name\":\"Donation\"}]},{\"@type\":\"WebSite\",\"@id\":\"https:\\\/\\\/iaectogo.com\\\/#website\",\"url\":\"https:\\\/\\\/iaectogo.com\\\/\",\"name\":\"IAEC TOGO\",\"description\":\"Institut Africain d&#039;Administration et d&#039;Etudes Commerciales\",\"publisher\":{\"@id\":\"https:\\\/\\\/iaectogo.com\\\/#organization\"},\"potentialAction\":[{\"@type\":\"SearchAction\",\"target\":{\"@type\":\"EntryPoint\",\"urlTemplate\":\"https:\\\/\\\/iaectogo.com\\\/?s={search_term_string}\"},\"query-input\":{\"@type\":\"PropertyValueSpecification\",\"valueRequired\":true,\"valueName\":\"search_term_string\"}}],\"inLanguage\":\"en-GB\"},{\"@type\":\"Organization\",\"@id\":\"https:\\\/\\\/iaectogo.com\\\/#organization\",\"name\":\"IAEC TOGO\",\"url\":\"https:\\\/\\\/iaectogo.com\\\/\",\"logo\":{\"@type\":\"ImageObject\",\"inLanguage\":\"en-GB\",\"@id\":\"https:\\\/\\\/iaectogo.com\\\/#\\\/schema\\\/logo\\\/image\\\/\",\"url\":\"https:\\\/\\\/iaectogo.com\\\/iaectogo.com\\\/wp-content\\\/uploads\\\/2021\\\/09\\\/logo-avec-ecriture-bleu.png\",\"contentUrl\":\"https:\\\/\\\/iaectogo.com\\\/iaectogo.com\\\/wp-content\\\/uploads\\\/2021\\\/09\\\/logo-avec-ecriture-bleu.png\",\"width\":2768,\"height\":801,\"caption\":\"IAEC TOGO\"},\"image\":{\"@id\":\"https:\\\/\\\/iaectogo.com\\\/#\\\/schema\\\/logo\\\/image\\\/\"},\"sameAs\":[\"https:\\\/\\\/www.facebook.com\\\/IAEC.Universite\",\"https:\\\/\\\/x.com\\\/iaectogo\",\"https:\\\/\\\/www.instagram.com\\\/iaectogo\"]}]}<\/script>\n<!-- \/ Yoast SEO plugin. -->","yoast_head_json":{"title":"Donation - IAEC TOGO","robots":{"index":"index","follow":"follow","max-snippet":"max-snippet:-1","max-image-preview":"max-image-preview:large","max-video-preview":"max-video-preview:-1"},"canonical":"https:\/\/iaectogo.com\/en\/donation\/","og_locale":"en_GB","og_type":"article","og_title":"Donation - IAEC TOGO","og_description":"Informations pour faire un don Veuillez envisager de faire un don au fonds annuel Votre soutien maintenant, avec un don de n&rsquo;importe quel montant, est essentiel pour nous assurer que nous avons les ressources n\u00e9cessaires pour continuer \u00e0 honorer notre vision d&rsquo;\u00eatre le centre intellectuel et cr\u00e9atif pr\u00e9\u00e9minent pour un engagement efficace dans un monde...","og_url":"https:\/\/iaectogo.com\/en\/donation\/","og_site_name":"IAEC TOGO","article_publisher":"https:\/\/www.facebook.com\/IAEC.Universite","article_modified_time":"2021-09-09T09:47:53+00:00","twitter_card":"summary_large_image","twitter_site":"@iaectogo","twitter_misc":{"Estimated reading time":"2 minutes"},"schema":{"@context":"https:\/\/schema.org","@graph":[{"@type":"WebPage","@id":"https:\/\/iaectogo.com\/donation\/","url":"https:\/\/iaectogo.com\/donation\/","name":"Donation - IAEC TOGO","isPartOf":{"@id":"https:\/\/iaectogo.com\/#website"},"datePublished":"2020-11-19T21:57:41+00:00","dateModified":"2021-09-09T09:47:53+00:00","breadcrumb":{"@id":"https:\/\/iaectogo.com\/donation\/#breadcrumb"},"inLanguage":"en-GB","potentialAction":[{"@type":"ReadAction","target":["https:\/\/iaectogo.com\/donation\/"]}]},{"@type":"BreadcrumbList","@id":"https:\/\/iaectogo.com\/donation\/#breadcrumb","itemListElement":[{"@type":"ListItem","position":1,"name":"Accueil","item":"https:\/\/iaectogo.com\/"},{"@type":"ListItem","position":2,"name":"Donation"}]},{"@type":"WebSite","@id":"https:\/\/iaectogo.com\/#website","url":"https:\/\/iaectogo.com\/","name":"IAEC TOGO","description":"Institut Africain d&#039;Administration et d&#039;Etudes Commerciales","publisher":{"@id":"https:\/\/iaectogo.com\/#organization"},"potentialAction":[{"@type":"SearchAction","target":{"@type":"EntryPoint","urlTemplate":"https:\/\/iaectogo.com\/?s={search_term_string}"},"query-input":{"@type":"PropertyValueSpecification","valueRequired":true,"valueName":"search_term_string"}}],"inLanguage":"en-GB"},{"@type":"Organization","@id":"https:\/\/iaectogo.com\/#organization","name":"IAEC TOGO","url":"https:\/\/iaectogo.com\/","logo":{"@type":"ImageObject","inLanguage":"en-GB","@id":"https:\/\/iaectogo.com\/#\/schema\/logo\/image\/","url":"https:\/\/iaectogo.com\/iaectogo.com\/wp-content\/uploads\/2021\/09\/logo-avec-ecriture-bleu.png","contentUrl":"https:\/\/iaectogo.com\/iaectogo.com\/wp-content\/uploads\/2021\/09\/logo-avec-ecriture-bleu.png","width":2768,"height":801,"caption":"IAEC TOGO"},"image":{"@id":"https:\/\/iaectogo.com\/#\/schema\/logo\/image\/"},"sameAs":["https:\/\/www.facebook.com\/IAEC.Universite","https:\/\/x.com\/iaectogo","https:\/\/www.instagram.com\/iaectogo"]}]}},"jetpack_shortlink":"https:\/\/wp.me\/Pc0b2i-1Dr","jetpack_sharing_enabled":true,"_links":{"self":[{"href":"https:\/\/iaectogo.com\/en\/wp-json\/wp\/v2\/pages\/6289","targetHints":{"allow":["GET"]}}],"collection":[{"href":"https:\/\/iaectogo.com\/en\/wp-json\/wp\/v2\/pages"}],"about":[{"href":"https:\/\/iaectogo.com\/en\/wp-json\/wp\/v2\/types\/page"}],"author":[{"embeddable":true,"href":"https:\/\/iaectogo.com\/en\/wp-json\/wp\/v2\/users\/1"}],"replies":[{"embeddable":true,"href":"https:\/\/iaectogo.com\/en\/wp-json\/wp\/v2\/comments?post=6289"}],"version-history":[{"count":4,"href":"https:\/\/iaectogo.com\/en\/wp-json\/wp\/v2\/pages\/6289\/revisions"}],"predecessor-version":[{"id":987983,"href":"https:\/\/iaectogo.com\/en\/wp-json\/wp\/v2\/pages\/6289\/revisions\/987983"}],"wp:attachment":[{"href":"https:\/\/iaectogo.com\/en\/wp-json\/wp\/v2\/media?parent=6289"}],"curies":[{"name":"wp","href":"https:\/\/api.w.org\/{rel}","templated":true}]}}